{"id":26,"date":"2017-10-30T20:48:28","date_gmt":"2017-10-30T20:48:28","guid":{"rendered":"http:\/\/lonesomepinewesternshop.apps-1and1.net\/?page_id=26"},"modified":"2020-08-20T21:07:48","modified_gmt":"2020-08-20T20:07:48","slug":"about","status":"publish","type":"page","link":"https:\/\/www.lonesomepine.de\/en\/about","title":{"rendered":"Who we are"},"content":{"rendered":"<p>Wir sind ein kleiner Familienbetrieb in der Eifel mit eigenem kleinen Ladengesch\u00e4ft und Online-Shop. Zus\u00e4tzlich sind wir auf vielen Western-Veranstaltungen als Verk\u00e4ufer vertreten.<\/p>\n<p><a href=\"https:\/\/lonesomepinewesternshop.apps-1and1.net\/wp-content\/uploads\/2020\/08\/foto.jpg\"><img loading=\"lazy\" decoding=\"async\" class=\"wp-image-8797 size-medium alignleft\" src=\"https:\/\/www.lonesomepine.de\/wp-content\/uploads\/2020\/08\/foto-300x225.jpg\" alt=\"\" width=\"300\" height=\"225\" srcset=\"https:\/\/www.lonesomepine.de\/wp-content\/uploads\/2020\/08\/foto-300x225.jpg 300w, https:\/\/www.lonesomepine.de\/wp-content\/uploads\/2020\/08\/foto-1024x768.jpg 1024w, https:\/\/www.lonesomepine.de\/wp-content\/uploads\/2020\/08\/foto-768x576.jpg 768w, https:\/\/www.lonesomepine.de\/wp-content\/uploads\/2020\/08\/foto-416x312.jpg 416w, https:\/\/www.lonesomepine.de\/wp-content\/uploads\/2020\/08\/foto.jpg 1280w\" sizes=\"auto, (max-width: 300px) 100vw, 300px\" \/><\/a><a href=\"https:\/\/lonesomepinewesternshop.apps-1and1.net\/wp-content\/uploads\/2020\/08\/haenger-scaled.jpg\"><img loading=\"lazy\" decoding=\"async\" class=\"wp-image-8798 size-medium alignleft\" src=\"https:\/\/www.lonesomepine.de\/wp-content\/uploads\/2020\/08\/haenger-300x225.jpg\" alt=\"\" width=\"300\" height=\"225\" srcset=\"https:\/\/www.lonesomepine.de\/wp-content\/uploads\/2020\/08\/haenger-300x225.jpg 300w, https:\/\/www.lonesomepine.de\/wp-content\/uploads\/2020\/08\/haenger-1024x768.jpg 1024w, https:\/\/www.lonesomepine.de\/wp-content\/uploads\/2020\/08\/haenger-768x576.jpg 768w, https:\/\/www.lonesomepine.de\/wp-content\/uploads\/2020\/08\/haenger-1536x1152.jpg 1536w, https:\/\/www.lonesomepine.de\/wp-content\/uploads\/2020\/08\/haenger-2048x1536.jpg 2048w, https:\/\/www.lonesomepine.de\/wp-content\/uploads\/2020\/08\/haenger-416x312.jpg 416w\" sizes=\"auto, (max-width: 300px) 100vw, 300px\" \/><\/a><\/p>\n<p>\u00a0<\/p><p><\/p>","protected":false},"excerpt":{"rendered":"<p>Wir sind ein kleiner Familienbetrieb in der Eifel mit eigenem kleinen Ladengesch\u00e4ft und Online-Shop. Zus\u00e4tzlich sind wir auf vielen Western-Veranstaltungen als Verk\u00e4ufer vertreten. \u00a0<\/p>","protected":false},"author":1,"featured_media":0,"parent":0,"menu_order":0,"comment_status":"closed","ping_status":"closed","template":"template-fullwidth.php","meta":{"footnotes":""},"class_list":["post-26","page","type-page","status-publish","hentry"],"aioseo_notices":[],"_links":{"self":[{"href":"https:\/\/www.lonesomepine.de\/en\/wp-json\/wp\/v2\/pages\/26","targetHints":{"allow":["GET"]}}],"collection":[{"href":"https:\/\/www.lonesomepine.de\/en\/wp-json\/wp\/v2\/pages"}],"about":[{"href":"https:\/\/www.lonesomepine.de\/en\/wp-json\/wp\/v2\/types\/page"}],"author":[{"embeddable":true,"href":"https:\/\/www.lonesomepine.de\/en\/wp-json\/wp\/v2\/users\/1"}],"replies":[{"embeddable":true,"href":"https:\/\/www.lonesomepine.de\/en\/wp-json\/wp\/v2\/comments?post=26"}],"version-history":[{"count":17,"href":"https:\/\/www.lonesomepine.de\/en\/wp-json\/wp\/v2\/pages\/26\/revisions"}],"predecessor-version":[{"id":9084,"href":"https:\/\/www.lonesomepine.de\/en\/wp-json\/wp\/v2\/pages\/26\/revisions\/9084"}],"wp:attachment":[{"href":"https:\/\/www.lonesomepine.de\/en\/wp-json\/wp\/v2\/media?parent=26"}],"curies":[{"name":"wp","href":"https:\/\/api.w.org\/{rel}","templated":true}]}}