{"id":288,"date":"2017-12-23T16:06:57","date_gmt":"2017-12-23T16:06:57","guid":{"rendered":"http:\/\/lonesomepinewesternshop.apps-1and1.net\/?page_id=288"},"modified":"2020-08-01T21:54:05","modified_gmt":"2020-08-01T20:54:05","slug":"retouren","status":"publish","type":"page","link":"https:\/\/www.lonesomepine.de\/en\/retouren","title":{"rendered":"Returns"},"content":{"rendered":"<p>Your ordered products do not meet your expectations and you want to return them? No problem! You have 14 days after receiving your package to try them on and send them back to us for a fee. You can find further information in the <a href=\"https:\/\/www.lonesomepine.de\/en\/widerrufsbelehrung\/\" target=\"_blank\" rel=\"noreferrer noopener\">Revocation instruction<\/a><\/p><p>Here's how it works:<\/p><p>Apply for the return via your customer account or via the following form. You will receive all further information by e-mail.<\/p><form class=\"woocommerce-form woocommerce-form-return-request return-request\" method=\"post\" action=\"\" >\n\t\n\t\n\t<p class=\"form-row form-row-first\">\n\t\t<label for=\"return-request-email\">Order email&nbsp;<span class=\"required\">*<\/span><\/label>\n\t\t<input type=\"text\" class=\"input-text\" name=\"email\" id=\"return-request-email\" autocomplete=\"email\" \/>\n\t<\/p>\n\n\t<p class=\"form-row form-row-last\">\n\t\t<label for=\"return-request-order-id\">Order id&nbsp;<span class=\"required\">*<\/span><\/label>\n\t\t<input type=\"text\" class=\"input-text\" name=\"order_id\" id=\"return-request-order-id\" autocomplete=\"off\" \/>\n\t<\/p>\n\n\t<div class=\"clear\"><\/div>\n\n\t\n\t<p class=\"form-row\">\n\t\t<input type=\"hidden\" id=\"woocommerce-stc-return-request-nonce\" name=\"woocommerce-stc-return-request-nonce\" value=\"cf9d31a111\" \/><input type=\"hidden\" name=\"_wp_http_referer\" value=\"\/en\/wp-json\/wp\/v2\/pages\/288\" \/>\t\t<button type=\"submit\" class=\"woocommerce-button button woocommerce-form-return_request__submit\" name=\"return_request\" value=\"Submit\">Submit<\/button>\n\t<\/p>\n\n\t<div class=\"clear\"><\/div>\n\n\t\n<input type=\"hidden\" name=\"trp-form-language\" value=\"en\"\/><\/form>","protected":false},"excerpt":{"rendered":"<p>Deine bestellten Produkte entsprechen nicht deinen Vorstellungen und Du m\u00f6chtest sie zur\u00fccksenden? Kein Problem! Du hast nach Erhalt deines Pakets 14 Tage Zeit diese anzuprobieren und kostenpflichtig an uns zur\u00fcckzusenden. Weitere informationen findest du in der Widerrufsbelehrung So funktioniert es: Beantrage die Retoure \u00fcber dein Kundenkonto oder \u00fcber das nachfolgende Formular. Alles weiteren Informationen erh\u00e4lst [&hellip;]<\/p>","protected":false},"author":1,"featured_media":0,"parent":0,"menu_order":0,"comment_status":"closed","ping_status":"closed","template":"template-fullwidth.php","meta":{"footnotes":""},"class_list":["post-288","page","type-page","status-publish","hentry"],"aioseo_notices":[],"_links":{"self":[{"href":"https:\/\/www.lonesomepine.de\/en\/wp-json\/wp\/v2\/pages\/288","targetHints":{"allow":["GET"]}}],"collection":[{"href":"https:\/\/www.lonesomepine.de\/en\/wp-json\/wp\/v2\/pages"}],"about":[{"href":"https:\/\/www.lonesomepine.de\/en\/wp-json\/wp\/v2\/types\/page"}],"author":[{"embeddable":true,"href":"https:\/\/www.lonesomepine.de\/en\/wp-json\/wp\/v2\/users\/1"}],"replies":[{"embeddable":true,"href":"https:\/\/www.lonesomepine.de\/en\/wp-json\/wp\/v2\/comments?post=288"}],"version-history":[{"count":12,"href":"https:\/\/www.lonesomepine.de\/en\/wp-json\/wp\/v2\/pages\/288\/revisions"}],"predecessor-version":[{"id":8831,"href":"https:\/\/www.lonesomepine.de\/en\/wp-json\/wp\/v2\/pages\/288\/revisions\/8831"}],"wp:attachment":[{"href":"https:\/\/www.lonesomepine.de\/en\/wp-json\/wp\/v2\/media?parent=288"}],"curies":[{"name":"wp","href":"https:\/\/api.w.org\/{rel}","templated":true}]}}