{"id":60,"date":"2017-10-30T21:21:11","date_gmt":"2017-10-30T21:21:11","guid":{"rendered":"http:\/\/lonesomepinewesternshop.apps-1and1.net\/versandarten"},"modified":"2021-12-29T21:12:15","modified_gmt":"2021-12-29T20:12:15","slug":"versandarten","status":"publish","type":"page","link":"https:\/\/www.lonesomepine.de\/en\/versandarten","title":{"rendered":"Shipping Methods"},"content":{"rendered":"<p><img loading=\"lazy\" decoding=\"async\" width=\"150\" height=\"33\" class=\"wp-image-2014\" style=\"width: 150px;\" src=\"https:\/\/www.lonesomepine.de\/wp-content\/uploads\/2020\/02\/dhl.jpg\" alt=\"\"><br><span style=\"font-size: inherit;\">We ship our goods with DHL. <\/span><\/p><h3 class=\"wp-block-heading\">Information on delivery times<\/h3><p>The delivery period is 3 - 5 days, this applies to deliveries to Germany.<\/p><p>In the following table you will find the delivery times for shipping to other countries, which you must add to the delivery time indicated for each item.<\/p><figure class=\"wp-block-table\"><table><tbody><tr><td>Country<\/td><td>Additional maximum duration in days<\/td><\/tr><tr><td>Luxembourg<\/td><td>2<\/td><\/tr><tr><td>Italy<\/td><td>4<\/td><\/tr><tr><td>Belgium<\/td><td>4<\/td><\/tr><tr><td>Netherlands<\/td><td>4<\/td><\/tr><tr><td>Switzerland<\/td><td>4<\/td><\/tr><\/tbody><\/table><\/figure><p>If you order several articles from us within the framework of one order, for which different delivery times apply, we will send the goods in several partial shipments, depending on availability, for which the delivery times indicated for the respective article apply. Additional shipping costs do not apply.<\/p><p>Information for calculating the delivery date<\/p><p>In the case of payment in advance by bank transfer, the period for delivery shall commence on the day after the payment order is issued to the remitting bank or, in the case of other forms of payment, on the day after the conclusion of the contract and shall end with the expiry of the last day of the period. If the last day of the period falls on a Sunday or a public holiday recognised by the state at the place of delivery, the next working day shall take the place of such day.<\/p><p><\/p><h3 class=\"wp-block-heading\">Shipping Costs Germany<\/h3><p> Shipping within Germany is free for orders over 29\u20ac. For orders up to 29\u20ac we charge a shipping fee of 6\u20ac. <\/p><h3 class=\"wp-block-heading\">Shipping Costs Abroad<\/h3><p><p> We also ship our goods to other European countries. For shipping to EU countries we charge a flat rate of 16\u20ac. For all non EU countries (e.g. Switzerland) we charge a flat rate of 25\u20ac.<\/p><\/p><p><\/p>","protected":false},"excerpt":{"rendered":"<p>Wir verschicken unsere Ware mit DHL. Informationen zu den Lieferzeiten Die Lieferfrist betr\u00e4gt 3 &#8211; 5 Tage, dies gilt f\u00fcr Lieferungen nach Deutschland. In der nachfolgenden Tabelle finden Sie die Lieferzeiten f\u00fcr den Versand in andere L\u00e4nder, die Sie der beim jeweiligen Artikel angegebenen Lieferzeit hinzurechnen m\u00fcssen. Land Zus\u00e4tzliche maximale Dauer in Tagen Luxemburg 2 [&hellip;]<\/p>","protected":false},"author":1,"featured_media":0,"parent":0,"menu_order":0,"comment_status":"closed","ping_status":"closed","template":"template-fullwidth.php","meta":{"footnotes":""},"class_list":["post-60","page","type-page","status-publish","hentry"],"aioseo_notices":[],"_links":{"self":[{"href":"https:\/\/www.lonesomepine.de\/en\/wp-json\/wp\/v2\/pages\/60","targetHints":{"allow":["GET"]}}],"collection":[{"href":"https:\/\/www.lonesomepine.de\/en\/wp-json\/wp\/v2\/pages"}],"about":[{"href":"https:\/\/www.lonesomepine.de\/en\/wp-json\/wp\/v2\/types\/page"}],"author":[{"embeddable":true,"href":"https:\/\/www.lonesomepine.de\/en\/wp-json\/wp\/v2\/users\/1"}],"replies":[{"embeddable":true,"href":"https:\/\/www.lonesomepine.de\/en\/wp-json\/wp\/v2\/comments?post=60"}],"version-history":[{"count":20,"href":"https:\/\/www.lonesomepine.de\/en\/wp-json\/wp\/v2\/pages\/60\/revisions"}],"predecessor-version":[{"id":10321,"href":"https:\/\/www.lonesomepine.de\/en\/wp-json\/wp\/v2\/pages\/60\/revisions\/10321"}],"wp:attachment":[{"href":"https:\/\/www.lonesomepine.de\/en\/wp-json\/wp\/v2\/media?parent=60"}],"curies":[{"name":"wp","href":"https:\/\/api.w.org\/{rel}","templated":true}]}}