{"id":61,"date":"2017-10-30T21:21:11","date_gmt":"2017-10-30T21:21:11","guid":{"rendered":"http:\/\/lonesomepinewesternshop.apps-1and1.net\/bezahlmoeglichkeiten"},"modified":"2020-08-01T21:41:31","modified_gmt":"2020-08-01T20:41:31","slug":"bezahlmoeglichkeiten","status":"publish","type":"page","link":"https:\/\/www.lonesomepine.de\/en\/bezahlmoeglichkeiten","title":{"rendered":"Payment Methods"},"content":{"rendered":"<p>When buying you can choose between the following payment methods.<\/p><h3 class=\"wp-block-heading\">Payment in advance<\/h3><p>Transfer directly to our bank account. Please use the order number as reason for payment. Your order will only be shipped after we have received the money on our account. You will receive an e-mail with all details for the bank transfer after the order is completed. The desired items will be reserved for you until we receive your payment. However, please note that we can only maintain your reservation for a maximum of seven days.<\/p><h3 class=\"wp-block-heading\">PayPal<\/h3><p>You pay securely and quickly via the login of your PayPal account. Your PayPal account is linked to your bank account or credit card, so that a direct debit is made through PayPal.<\/p><h2 class=\"wp-block-heading\">Credit card<\/h2><p>You can also pay with VISA or MasterCard. Simply select your credit card as payment method in the order process.<\/p>","protected":false},"excerpt":{"rendered":"<p>Beim Kauf kannst Du zwischen folgenden Zahlungsarten w\u00e4hlen. Vorkasse \u00dcberweise direkt an unsere Bankverbindung. Bitte nutze die Bestellnummer als Verwendungszweck. Deine Bestellung wird erst nach Geldeingang auf unserem Konto versandt. Eine E-Mail mit allen Angaben f\u00fcr die \u00dcberweisung erh\u00e4lst Du nach Abschluss der Bestellung. Die gew\u00fcnschten Artikel werden bis zum Zahlungseingang f\u00fcr Dich reserviert. Wir [&hellip;]<\/p>","protected":false},"author":1,"featured_media":0,"parent":0,"menu_order":0,"comment_status":"closed","ping_status":"closed","template":"template-fullwidth.php","meta":{"footnotes":""},"class_list":["post-61","page","type-page","status-publish","hentry"],"aioseo_notices":[],"_links":{"self":[{"href":"https:\/\/www.lonesomepine.de\/en\/wp-json\/wp\/v2\/pages\/61","targetHints":{"allow":["GET"]}}],"collection":[{"href":"https:\/\/www.lonesomepine.de\/en\/wp-json\/wp\/v2\/pages"}],"about":[{"href":"https:\/\/www.lonesomepine.de\/en\/wp-json\/wp\/v2\/types\/page"}],"author":[{"embeddable":true,"href":"https:\/\/www.lonesomepine.de\/en\/wp-json\/wp\/v2\/users\/1"}],"replies":[{"embeddable":true,"href":"https:\/\/www.lonesomepine.de\/en\/wp-json\/wp\/v2\/comments?post=61"}],"version-history":[{"count":11,"href":"https:\/\/www.lonesomepine.de\/en\/wp-json\/wp\/v2\/pages\/61\/revisions"}],"predecessor-version":[{"id":8823,"href":"https:\/\/www.lonesomepine.de\/en\/wp-json\/wp\/v2\/pages\/61\/revisions\/8823"}],"wp:attachment":[{"href":"https:\/\/www.lonesomepine.de\/en\/wp-json\/wp\/v2\/media?parent=61"}],"curies":[{"name":"wp","href":"https:\/\/api.w.org\/{rel}","templated":true}]}}