{"id":10175,"date":"2021-10-02T13:28:45","date_gmt":"2021-10-02T12:28:45","guid":{"rendered":"https:\/\/www.lonesomepine.de\/?post_type=product&#038;p=10175"},"modified":"2026-04-17T11:54:31","modified_gmt":"2026-04-17T10:54:31","slug":"oswsa-weste-polly-black-caramel","status":"publish","type":"product","link":"https:\/\/www.lonesomepine.de\/en\/product\/oswsa-weste-polly-black-caramel","title":{"rendered":"OSWSA Weste Polly  black caramel"},"content":{"rendered":"","protected":false},"excerpt":{"rendered":"<p>Weste Polly black<\/p>\n<p>&#8211; Eine hoch leistungsf\u00e4hige Weste gegen K\u00e4lte, Wind und N\u00e4sse<br \/>\n&#8211; 300g Polar fleece und Microfill Poly-Futter<br \/>\n&#8211; Mit hochwertigem Memorienylon (antiknitter)<br \/>\n&#8211; Zwei Aussentaschen mit stabilen Rei\u00dfverschl\u00fcssen<\/p>","protected":false},"featured_media":10181,"comment_status":"open","ping_status":"closed","template":"","meta":[],"product_brand":[],"product_cat":[110,583],"product_tag":[594],"class_list":{"0":"post-10175","1":"product","2":"type-product","3":"status-publish","4":"has-post-thumbnail","6":"product_cat-oswsa_ranchgirls","7":"product_cat-os_westernsportsapprel","8":"product_tag-oswsa-weste","9":"product_shipping_class-standard-versand","10":"pa_farbe-caramel","11":"pa_farbe-schwarz","12":"pa_groesse_deutsch-l-40","13":"pa_groesse_deutsch-m-38","14":"pa_groesse_deutsch-s-36","15":"pa_groesse_deutsch-xl-42","16":"pa_groesse_deutsch-xxl-44","17":"pa_hersteller-oswsa","18":"pa_material-100-nylon","19":"pa_pflege-auf-links-waschen-kein-weichspueler-kein-trockner","21":"first","22":"instock","23":"taxable","24":"shipping-taxable","25":"purchasable","26":"product-type-variable"},"aioseo_notices":[],"_links":{"self":[{"href":"https:\/\/www.lonesomepine.de\/en\/wp-json\/wp\/v2\/product\/10175","targetHints":{"allow":["GET"]}}],"collection":[{"href":"https:\/\/www.lonesomepine.de\/en\/wp-json\/wp\/v2\/product"}],"about":[{"href":"https:\/\/www.lonesomepine.de\/en\/wp-json\/wp\/v2\/types\/product"}],"replies":[{"embeddable":true,"href":"https:\/\/www.lonesomepine.de\/en\/wp-json\/wp\/v2\/comments?post=10175"}],"wp:featuredmedia":[{"embeddable":true,"href":"https:\/\/www.lonesomepine.de\/en\/wp-json\/wp\/v2\/media\/10181"}],"wp:attachment":[{"href":"https:\/\/www.lonesomepine.de\/en\/wp-json\/wp\/v2\/media?parent=10175"}],"wp:term":[{"taxonomy":"product_brand","embeddable":true,"href":"https:\/\/www.lonesomepine.de\/en\/wp-json\/wp\/v2\/product_brand?post=10175"},{"taxonomy":"product_cat","embeddable":true,"href":"https:\/\/www.lonesomepine.de\/en\/wp-json\/wp\/v2\/product_cat?post=10175"},{"taxonomy":"product_tag","embeddable":true,"href":"https:\/\/www.lonesomepine.de\/en\/wp-json\/wp\/v2\/product_tag?post=10175"}],"curies":[{"name":"wp","href":"https:\/\/api.w.org\/{rel}","templated":true}]}}