{"id":11009,"date":"2023-03-24T18:50:57","date_gmt":"2023-03-24T17:50:57","guid":{"rendered":"https:\/\/www.lonesomepine.de\/?post_type=product&#038;p=11009"},"modified":"2025-09-30T09:30:54","modified_gmt":"2025-09-30T08:30:54","slug":"fleece-jacke-abby-light-khaki","status":"publish","type":"product","link":"https:\/\/www.lonesomepine.de\/en\/product\/fleece-jacke-abby-light-khaki","title":{"rendered":"Fleece Jacke  Abby light khaki"},"content":{"rendered":"<p>Polarfleece Ranchgirls Abby<\/p>\n<p>&#8211; komfortabler Schnitt, nicht zu schmal EU 36 = Small<br \/>\n&#8211; l\u00e4ngeres R\u00fcckenteil f\u00fcr warmen Nierenbereich, Frontseite k\u00fcrzer<br \/>\n&#8211; lange Arme mit Daumenloch<br \/>\n&#8211; YKK-Frontrei\u00dfverschluss;<br \/>\n&#8211; hoher Kragen mit RV Umschlag<br \/>\n&#8211; anti pilling, super soft, leichte Pflege<br \/>\n&#8211; RV Taschen, zweiwege RV YKK<\/p>","protected":false},"excerpt":{"rendered":"<p>Fleece Jacke Abby<\/p>\n<p>&#8211; Aufwendiger Stick\u00a0 in\u00a0 goldfarbe<br \/>\n&#8211; Schwere und supersoft Polarfleece Qualit\u00e4t<br \/>\n&#8211; soft-tec Polarfleece Quality 100% Polyester<\/p>","protected":false},"featured_media":11006,"comment_status":"open","ping_status":"closed","template":"","meta":[],"product_brand":[],"product_cat":[106,110,583,200],"product_tag":[684],"class_list":{"0":"post-11009","1":"product","2":"type-product","3":"status-publish","4":"has-post-thumbnail","6":"product_cat-fleecejacken","7":"product_cat-oswsa_ranchgirls","8":"product_cat-os_westernsportsapprel","9":"product_cat-westernreiten","10":"product_tag-ranchgirls-fleece-jacke","11":"product_shipping_class-standard-versand","12":"pa_farbe-light-khaki","13":"pa_groesse_deutsch-l-40","14":"pa_groesse_deutsch-m-38","15":"pa_groesse_deutsch-s-36","16":"pa_groesse_deutsch-xl-42","17":"pa_groesse_deutsch-xxl-44","18":"pa_hersteller-oswsa","19":"pa_material-100-polyester","20":"pa_pflege-auf-links-waschen-kein-weichspueler-kein-trockner","22":"first","23":"instock","24":"taxable","25":"shipping-taxable","26":"purchasable","27":"product-type-variable"},"aioseo_notices":[],"_links":{"self":[{"href":"https:\/\/www.lonesomepine.de\/en\/wp-json\/wp\/v2\/product\/11009","targetHints":{"allow":["GET"]}}],"collection":[{"href":"https:\/\/www.lonesomepine.de\/en\/wp-json\/wp\/v2\/product"}],"about":[{"href":"https:\/\/www.lonesomepine.de\/en\/wp-json\/wp\/v2\/types\/product"}],"replies":[{"embeddable":true,"href":"https:\/\/www.lonesomepine.de\/en\/wp-json\/wp\/v2\/comments?post=11009"}],"wp:featuredmedia":[{"embeddable":true,"href":"https:\/\/www.lonesomepine.de\/en\/wp-json\/wp\/v2\/media\/11006"}],"wp:attachment":[{"href":"https:\/\/www.lonesomepine.de\/en\/wp-json\/wp\/v2\/media?parent=11009"}],"wp:term":[{"taxonomy":"product_brand","embeddable":true,"href":"https:\/\/www.lonesomepine.de\/en\/wp-json\/wp\/v2\/product_brand?post=11009"},{"taxonomy":"product_cat","embeddable":true,"href":"https:\/\/www.lonesomepine.de\/en\/wp-json\/wp\/v2\/product_cat?post=11009"},{"taxonomy":"product_tag","embeddable":true,"href":"https:\/\/www.lonesomepine.de\/en\/wp-json\/wp\/v2\/product_tag?post=11009"}],"curies":[{"name":"wp","href":"https:\/\/api.w.org\/{rel}","templated":true}]}}