{"id":11351,"date":"2023-09-28T13:24:55","date_gmt":"2023-09-28T12:24:55","guid":{"rendered":"https:\/\/www.lonesomepine.de\/?post_type=product&#038;p=11351"},"modified":"2025-09-06T13:08:01","modified_gmt":"2025-09-06T12:08:01","slug":"hut-bushwacker","status":"publish","type":"product","link":"https:\/\/www.lonesomepine.de\/en\/product\/hut-bushwacker","title":{"rendered":"Hut  Bushwacker"},"content":{"rendered":"","protected":false},"excerpt":{"rendered":"<p>Westernhut in Used Look<\/p>\n<p>&#8211; Mit Kinnriemen aus Leder<br \/>\n&#8211; Farbabweichnungen in den einzelnen Gr\u00f6\u00dfen m\u00f6glich<br \/>\n&#8211; Hut zweifarbig hellbraun\/gr\u00fcn<br \/>\n&#8211; Lederhutband mit Concho<br \/>\n&#8211; Hutrand formbar<\/p>","protected":false},"featured_media":11356,"comment_status":"open","ping_status":"closed","template":"","meta":[],"product_brand":[],"product_cat":[116,154],"product_tag":[780,450,449],"class_list":{"0":"post-11351","1":"product","2":"type-product","3":"status-publish","4":"has-post-thumbnail","6":"product_cat-wollfilzhuete","7":"product_cat-wollfilzhuete-huete_caps_herren","8":"product_tag-cowboy-hut","9":"product_tag-cowgirlhut","10":"product_tag-westernhut","11":"product_shipping_class-standard-versand","12":"pa_farbe-braun","13":"pa_farbe-gruen","14":"pa_hersteller-bullhide","15":"pa_hutgroesse-s_54_55","16":"pa_hutgroesse-m_56_57","17":"pa_hutgroesse-l_58_59","18":"pa_hutgroesse-xl_60_61","19":"pa_material-filz","20":"pa_pflege-keine_angabe","22":"first","23":"instock","24":"taxable","25":"shipping-taxable","26":"purchasable","27":"product-type-variable"},"aioseo_notices":[],"_links":{"self":[{"href":"https:\/\/www.lonesomepine.de\/en\/wp-json\/wp\/v2\/product\/11351","targetHints":{"allow":["GET"]}}],"collection":[{"href":"https:\/\/www.lonesomepine.de\/en\/wp-json\/wp\/v2\/product"}],"about":[{"href":"https:\/\/www.lonesomepine.de\/en\/wp-json\/wp\/v2\/types\/product"}],"replies":[{"embeddable":true,"href":"https:\/\/www.lonesomepine.de\/en\/wp-json\/wp\/v2\/comments?post=11351"}],"wp:featuredmedia":[{"embeddable":true,"href":"https:\/\/www.lonesomepine.de\/en\/wp-json\/wp\/v2\/media\/11356"}],"wp:attachment":[{"href":"https:\/\/www.lonesomepine.de\/en\/wp-json\/wp\/v2\/media?parent=11351"}],"wp:term":[{"taxonomy":"product_brand","embeddable":true,"href":"https:\/\/www.lonesomepine.de\/en\/wp-json\/wp\/v2\/product_brand?post=11351"},{"taxonomy":"product_cat","embeddable":true,"href":"https:\/\/www.lonesomepine.de\/en\/wp-json\/wp\/v2\/product_cat?post=11351"},{"taxonomy":"product_tag","embeddable":true,"href":"https:\/\/www.lonesomepine.de\/en\/wp-json\/wp\/v2\/product_tag?post=11351"}],"curies":[{"name":"wp","href":"https:\/\/api.w.org\/{rel}","templated":true}]}}