{"id":1816,"date":"2020-02-01T22:32:48","date_gmt":"2020-02-01T21:32:48","guid":{"rendered":"https:\/\/lonesomepinewesternshop.apps-1and1.net\/?post_type=product&#038;p=1816"},"modified":"2022-11-10T14:11:11","modified_gmt":"2022-11-10T13:11:11","slug":"guertel-strass-lady-51001","status":"publish","type":"product","link":"https:\/\/www.lonesomepine.de\/en\/product\/guertel-strass-lady-51001","title":{"rendered":"G\u00fcrtel Strass Lady 51001"},"content":{"rendered":"<p>Size determination<br \/>\nS = 77cm<\/p>\n<p>M = 87cm<\/p>\n<p>L = 97cm<\/p>\n<p>XL= 107cm<\/p>\n<p>The length is measured from the mandrel to the centre hole<\/p>","protected":false},"excerpt":{"rendered":"<p>G\u00fcrtel mit Strass<\/p>\n<p>&#8211; Show G\u00fcrtel in Krokooptik mit Strass und Nieten verziert.<br \/>\n&#8211; Die ausgefallene G\u00fcrtelschnalle l\u00e4\u00dft sich<br \/>\n&#8211; Leicht austauschen durch Druckknopfverschlu\u00df<br \/>\n&#8211; G\u00fcrtelbreite 4cm<\/p>","protected":false},"featured_media":1824,"comment_status":"open","ping_status":"closed","template":"","meta":[],"product_brand":[],"product_cat":[123,440,197,200],"product_tag":[],"class_list":{"0":"post-1816","1":"product","2":"type-product","3":"status-publish","4":"has-post-thumbnail","6":"product_cat-guertel_sub","7":"product_cat-guertel-accessoires-sub","8":"product_cat-line_dance","9":"product_cat-westernreiten","10":"product_shipping_class-standard-versand","11":"pa_farbe-schwarz","12":"pa_groesse_deutsch-s","13":"pa_groesse_deutsch-m","14":"pa_groesse_deutsch-l","15":"pa_groesse_deutsch-xl","16":"pa_hersteller-nocona","17":"pa_material-rindsleder","18":"pa_pflege-keine_angabe","20":"first","21":"instock","22":"taxable","23":"shipping-taxable","24":"purchasable","25":"product-type-variable"},"aioseo_notices":[],"_links":{"self":[{"href":"https:\/\/www.lonesomepine.de\/en\/wp-json\/wp\/v2\/product\/1816","targetHints":{"allow":["GET"]}}],"collection":[{"href":"https:\/\/www.lonesomepine.de\/en\/wp-json\/wp\/v2\/product"}],"about":[{"href":"https:\/\/www.lonesomepine.de\/en\/wp-json\/wp\/v2\/types\/product"}],"replies":[{"embeddable":true,"href":"https:\/\/www.lonesomepine.de\/en\/wp-json\/wp\/v2\/comments?post=1816"}],"wp:featuredmedia":[{"embeddable":true,"href":"https:\/\/www.lonesomepine.de\/en\/wp-json\/wp\/v2\/media\/1824"}],"wp:attachment":[{"href":"https:\/\/www.lonesomepine.de\/en\/wp-json\/wp\/v2\/media?parent=1816"}],"wp:term":[{"taxonomy":"product_brand","embeddable":true,"href":"https:\/\/www.lonesomepine.de\/en\/wp-json\/wp\/v2\/product_brand?post=1816"},{"taxonomy":"product_cat","embeddable":true,"href":"https:\/\/www.lonesomepine.de\/en\/wp-json\/wp\/v2\/product_cat?post=1816"},{"taxonomy":"product_tag","embeddable":true,"href":"https:\/\/www.lonesomepine.de\/en\/wp-json\/wp\/v2\/product_tag?post=1816"}],"curies":[{"name":"wp","href":"https:\/\/api.w.org\/{rel}","templated":true}]}}