{"id":2289,"date":"2020-02-04T20:33:30","date_gmt":"2020-02-04T19:33:30","guid":{"rendered":"https:\/\/lonesomepinewesternshop.apps-1and1.net\/?post_type=product&#038;p=2289"},"modified":"2025-06-28T11:00:16","modified_gmt":"2025-06-28T10:00:16","slug":"bluse-roper-stars","status":"publish","type":"product","link":"https:\/\/www.lonesomepine.de\/en\/product\/bluse-roper-stars","title":{"rendered":"Bluse Roper Stars"},"content":{"rendered":"","protected":false},"excerpt":{"rendered":"<p>Bluse Kurzarm<\/p>\n<p>-Gestickte Sterne Schulter und Tasche<br \/>\n-Mehrfarbig<br \/>\n-Druckkn\u00f6pfe<br \/>\n-Bluse f\u00e4llt den Gr\u00f6\u00dfen entsprechend\u00a0 aus<\/p>","protected":false},"featured_media":2299,"comment_status":"open","ping_status":"closed","template":"","meta":[],"product_brand":[],"product_cat":[90,92],"product_tag":[],"class_list":{"0":"post-2289","1":"product","2":"type-product","3":"status-publish","4":"has-post-thumbnail","6":"product_cat-blusen","7":"product_cat-kurzarm","8":"product_shipping_class-standard-versand","9":"pa_farbe-weiss","10":"pa_groesse_deutsch-1x-46","11":"pa_groesse_deutsch-2x-48","12":"pa_groesse_deutsch-3x-50","13":"pa_groesse_deutsch-l-42","14":"pa_groesse_deutsch-m-40","15":"pa_groesse_deutsch-s-38","16":"pa_groesse_deutsch-xl-44","17":"pa_hersteller-roper","18":"pa_material-100_baumwolle","19":"pa_pflege-pflegeleicht-30-grad","21":"first","22":"instock","23":"taxable","24":"shipping-taxable","25":"purchasable","26":"product-type-variable"},"aioseo_notices":[],"_links":{"self":[{"href":"https:\/\/www.lonesomepine.de\/en\/wp-json\/wp\/v2\/product\/2289","targetHints":{"allow":["GET"]}}],"collection":[{"href":"https:\/\/www.lonesomepine.de\/en\/wp-json\/wp\/v2\/product"}],"about":[{"href":"https:\/\/www.lonesomepine.de\/en\/wp-json\/wp\/v2\/types\/product"}],"replies":[{"embeddable":true,"href":"https:\/\/www.lonesomepine.de\/en\/wp-json\/wp\/v2\/comments?post=2289"}],"wp:featuredmedia":[{"embeddable":true,"href":"https:\/\/www.lonesomepine.de\/en\/wp-json\/wp\/v2\/media\/2299"}],"wp:attachment":[{"href":"https:\/\/www.lonesomepine.de\/en\/wp-json\/wp\/v2\/media?parent=2289"}],"wp:term":[{"taxonomy":"product_brand","embeddable":true,"href":"https:\/\/www.lonesomepine.de\/en\/wp-json\/wp\/v2\/product_brand?post=2289"},{"taxonomy":"product_cat","embeddable":true,"href":"https:\/\/www.lonesomepine.de\/en\/wp-json\/wp\/v2\/product_cat?post=2289"},{"taxonomy":"product_tag","embeddable":true,"href":"https:\/\/www.lonesomepine.de\/en\/wp-json\/wp\/v2\/product_tag?post=2289"}],"curies":[{"name":"wp","href":"https:\/\/api.w.org\/{rel}","templated":true}]}}