{"id":2412,"date":"2020-02-05T20:09:27","date_gmt":"2020-02-05T19:09:27","guid":{"rendered":"https:\/\/lonesomepinewesternshop.apps-1and1.net\/?post_type=product&#038;p=2412"},"modified":"2025-09-09T17:47:51","modified_gmt":"2025-09-09T16:47:51","slug":"ranchgirl-cape-flower-petrol","status":"publish","type":"product","link":"https:\/\/www.lonesomepine.de\/en\/product\/ranchgirl-cape-flower-petrol","title":{"rendered":"Ranch Girls Cap Ley navy"},"content":{"rendered":"","protected":false},"excerpt":{"rendered":"<p>Strass Cap<\/p>\n<p>&#8211; Damengr\u00f6\u00dfe one size mit variablem Klettverschlu\u00df<br \/>\n&#8211; Cap mit hochwertigem Stickdesign und Strass veredelt<\/p>","protected":false},"featured_media":12361,"comment_status":"open","ping_status":"closed","template":"","meta":[],"product_brand":[],"product_cat":[121,200],"product_tag":[841],"class_list":{"0":"post-2412","1":"product","2":"type-product","3":"status-publish","4":"has-post-thumbnail","6":"product_cat-caps","7":"product_cat-westernreiten","8":"product_tag-ranch-girls-cap","9":"pa_farbe-petrol","10":"pa_hersteller-oswsa","11":"pa_material-100_baumwolle","12":"pa_pflege-keine_angabe","14":"first","15":"instock","16":"taxable","17":"shipping-taxable","18":"purchasable","19":"product-type-simple"},"aioseo_notices":[],"_links":{"self":[{"href":"https:\/\/www.lonesomepine.de\/en\/wp-json\/wp\/v2\/product\/2412","targetHints":{"allow":["GET"]}}],"collection":[{"href":"https:\/\/www.lonesomepine.de\/en\/wp-json\/wp\/v2\/product"}],"about":[{"href":"https:\/\/www.lonesomepine.de\/en\/wp-json\/wp\/v2\/types\/product"}],"replies":[{"embeddable":true,"href":"https:\/\/www.lonesomepine.de\/en\/wp-json\/wp\/v2\/comments?post=2412"}],"wp:featuredmedia":[{"embeddable":true,"href":"https:\/\/www.lonesomepine.de\/en\/wp-json\/wp\/v2\/media\/12361"}],"wp:attachment":[{"href":"https:\/\/www.lonesomepine.de\/en\/wp-json\/wp\/v2\/media?parent=2412"}],"wp:term":[{"taxonomy":"product_brand","embeddable":true,"href":"https:\/\/www.lonesomepine.de\/en\/wp-json\/wp\/v2\/product_brand?post=2412"},{"taxonomy":"product_cat","embeddable":true,"href":"https:\/\/www.lonesomepine.de\/en\/wp-json\/wp\/v2\/product_cat?post=2412"},{"taxonomy":"product_tag","embeddable":true,"href":"https:\/\/www.lonesomepine.de\/en\/wp-json\/wp\/v2\/product_tag?post=2412"}],"curies":[{"name":"wp","href":"https:\/\/api.w.org\/{rel}","templated":true}]}}