{"id":2428,"date":"2020-02-05T23:15:19","date_gmt":"2020-02-05T22:15:19","guid":{"rendered":"https:\/\/lonesomepinewesternshop.apps-1and1.net\/?post_type=product&#038;p=2428"},"modified":"2025-06-06T16:08:17","modified_gmt":"2025-06-06T15:08:17","slug":"cape-run-for-the-roses-black","status":"publish","type":"product","link":"https:\/\/www.lonesomepine.de\/en\/product\/cape-run-for-the-roses-black","title":{"rendered":"Cap Run for the Roses"},"content":{"rendered":"","protected":false},"excerpt":{"rendered":"<p>OSWSA Cap<\/p>\n<p>&#8211; Damengr\u00f6\u00dfe one size mit variablem Klettverschlu\u00df<br \/>\n&#8211; Basic Women Cap mit Stickdesign und Glitter veredelt<br \/>\n&#8211; am Hinterkopf Rosenmotiv<\/p>","protected":false},"featured_media":11512,"comment_status":"open","ping_status":"closed","template":"","meta":[],"product_brand":[],"product_cat":[121,200],"product_tag":[795,609],"class_list":{"0":"post-2428","1":"product","2":"type-product","3":"status-publish","4":"has-post-thumbnail","6":"product_cat-caps","7":"product_cat-westernreiten","8":"product_tag-cap-oswsa","9":"product_tag-ranchgirls-cap","10":"pa_farbe-schwarz","11":"pa_hersteller-oswsa","12":"pa_material-100_baumwolle","13":"pa_pflege-keine_angabe","15":"first","16":"instock","17":"taxable","18":"shipping-taxable","19":"purchasable","20":"product-type-simple"},"aioseo_notices":[],"_links":{"self":[{"href":"https:\/\/www.lonesomepine.de\/en\/wp-json\/wp\/v2\/product\/2428","targetHints":{"allow":["GET"]}}],"collection":[{"href":"https:\/\/www.lonesomepine.de\/en\/wp-json\/wp\/v2\/product"}],"about":[{"href":"https:\/\/www.lonesomepine.de\/en\/wp-json\/wp\/v2\/types\/product"}],"replies":[{"embeddable":true,"href":"https:\/\/www.lonesomepine.de\/en\/wp-json\/wp\/v2\/comments?post=2428"}],"wp:featuredmedia":[{"embeddable":true,"href":"https:\/\/www.lonesomepine.de\/en\/wp-json\/wp\/v2\/media\/11512"}],"wp:attachment":[{"href":"https:\/\/www.lonesomepine.de\/en\/wp-json\/wp\/v2\/media?parent=2428"}],"wp:term":[{"taxonomy":"product_brand","embeddable":true,"href":"https:\/\/www.lonesomepine.de\/en\/wp-json\/wp\/v2\/product_brand?post=2428"},{"taxonomy":"product_cat","embeddable":true,"href":"https:\/\/www.lonesomepine.de\/en\/wp-json\/wp\/v2\/product_cat?post=2428"},{"taxonomy":"product_tag","embeddable":true,"href":"https:\/\/www.lonesomepine.de\/en\/wp-json\/wp\/v2\/product_tag?post=2428"}],"curies":[{"name":"wp","href":"https:\/\/api.w.org\/{rel}","templated":true}]}}