{"id":3678,"date":"2020-02-10T08:35:07","date_gmt":"2020-02-10T07:35:07","guid":{"rendered":"https:\/\/lonesomepinewesternshop.apps-1and1.net\/?post_type=product&#038;p=3678"},"modified":"2026-02-01T17:28:03","modified_gmt":"2026-02-01T16:28:03","slug":"gehrock-wyatt","status":"publish","type":"product","link":"https:\/\/www.lonesomepine.de\/en\/product\/gehrock-wyatt","title":{"rendered":"Gehrock Wyatt"},"content":{"rendered":"","protected":false},"excerpt":{"rendered":"<p>Gehrock Old Style \u00a0\u00a0 ( Ende Juli wieder in allen Gr\u00f6\u00dfen verf\u00fcgbar)<\/p>\n<p>-Au\u00dfergew\u00f6hnliches St\u00fcck f\u00fcr au\u00dfergew\u00f6hnliche Anl\u00e4sse<br \/>\n-Mit zwei Au\u00dfentaschen und einer Innentasche<br \/>\n-Hinten mit hohen Gehschlitz und zwei Kn\u00f6pfen<\/p>","protected":false},"featured_media":3739,"comment_status":"open","ping_status":"closed","template":"","meta":[],"product_brand":[],"product_cat":[199],"product_tag":[],"class_list":{"0":"post-3678","1":"product","2":"type-product","3":"status-publish","4":"has-post-thumbnail","6":"product_cat-old_style","7":"product_shipping_class-standard-versand","8":"pa_farbe-schwarz","9":"pa_groesse_deutsch-s","10":"pa_groesse_deutsch-m","11":"pa_groesse_deutsch-l","12":"pa_groesse_deutsch-xl","13":"pa_groesse_deutsch-xxl","14":"pa_hersteller-stars_stripes","15":"pa_material-65polyester-35viscose","16":"pa_pflege-keine_angabe","18":"first","19":"instock","20":"taxable","21":"shipping-taxable","22":"purchasable","23":"product-type-variable"},"aioseo_notices":[],"_links":{"self":[{"href":"https:\/\/www.lonesomepine.de\/en\/wp-json\/wp\/v2\/product\/3678","targetHints":{"allow":["GET"]}}],"collection":[{"href":"https:\/\/www.lonesomepine.de\/en\/wp-json\/wp\/v2\/product"}],"about":[{"href":"https:\/\/www.lonesomepine.de\/en\/wp-json\/wp\/v2\/types\/product"}],"replies":[{"embeddable":true,"href":"https:\/\/www.lonesomepine.de\/en\/wp-json\/wp\/v2\/comments?post=3678"}],"wp:featuredmedia":[{"embeddable":true,"href":"https:\/\/www.lonesomepine.de\/en\/wp-json\/wp\/v2\/media\/3739"}],"wp:attachment":[{"href":"https:\/\/www.lonesomepine.de\/en\/wp-json\/wp\/v2\/media?parent=3678"}],"wp:term":[{"taxonomy":"product_brand","embeddable":true,"href":"https:\/\/www.lonesomepine.de\/en\/wp-json\/wp\/v2\/product_brand?post=3678"},{"taxonomy":"product_cat","embeddable":true,"href":"https:\/\/www.lonesomepine.de\/en\/wp-json\/wp\/v2\/product_cat?post=3678"},{"taxonomy":"product_tag","embeddable":true,"href":"https:\/\/www.lonesomepine.de\/en\/wp-json\/wp\/v2\/product_tag?post=3678"}],"curies":[{"name":"wp","href":"https:\/\/api.w.org\/{rel}","templated":true}]}}