{"id":3729,"date":"2020-02-10T20:22:48","date_gmt":"2020-02-10T19:22:48","guid":{"rendered":"https:\/\/lonesomepinewesternshop.apps-1and1.net\/?post_type=product&#038;p=3729"},"modified":"2025-08-19T15:16:03","modified_gmt":"2025-08-19T14:16:03","slug":"weste-earp","status":"publish","type":"product","link":"https:\/\/www.lonesomepine.de\/en\/product\/weste-earp","title":{"rendered":"Weste Earp"},"content":{"rendered":"","protected":false},"excerpt":{"rendered":"<p>Weste in Old Style<\/p>\n<p>&#8211; Produkt wieder Ende Juli in allen Gr\u00f6\u00dfen verf\u00fcgbar<br \/>\n&#8211; Weste passend zum Gehrock Wyatt<br \/>\n&#8211; Mit gestreiftem Futter und drei Au\u00dfentaschen<\/p>","protected":false},"featured_media":3736,"comment_status":"open","ping_status":"closed","template":"","meta":[],"product_brand":[],"product_cat":[199],"product_tag":[],"class_list":{"0":"post-3729","1":"product","2":"type-product","3":"status-publish","4":"has-post-thumbnail","6":"product_cat-old_style","7":"product_shipping_class-standard-versand","8":"pa_farbe-schwarz","9":"pa_groesse_deutsch-s","10":"pa_groesse_deutsch-m","11":"pa_groesse_deutsch-l","12":"pa_groesse_deutsch-xl","13":"pa_groesse_deutsch-xxl","14":"pa_groesse_deutsch-xxxl","15":"pa_hersteller-stars_stripes","16":"pa_material-65polyester-35viscose","17":"pa_pflege-keine_angabe","19":"first","20":"instock","21":"taxable","22":"shipping-taxable","23":"purchasable","24":"product-type-variable"},"aioseo_notices":[],"_links":{"self":[{"href":"https:\/\/www.lonesomepine.de\/en\/wp-json\/wp\/v2\/product\/3729","targetHints":{"allow":["GET"]}}],"collection":[{"href":"https:\/\/www.lonesomepine.de\/en\/wp-json\/wp\/v2\/product"}],"about":[{"href":"https:\/\/www.lonesomepine.de\/en\/wp-json\/wp\/v2\/types\/product"}],"replies":[{"embeddable":true,"href":"https:\/\/www.lonesomepine.de\/en\/wp-json\/wp\/v2\/comments?post=3729"}],"wp:featuredmedia":[{"embeddable":true,"href":"https:\/\/www.lonesomepine.de\/en\/wp-json\/wp\/v2\/media\/3736"}],"wp:attachment":[{"href":"https:\/\/www.lonesomepine.de\/en\/wp-json\/wp\/v2\/media?parent=3729"}],"wp:term":[{"taxonomy":"product_brand","embeddable":true,"href":"https:\/\/www.lonesomepine.de\/en\/wp-json\/wp\/v2\/product_brand?post=3729"},{"taxonomy":"product_cat","embeddable":true,"href":"https:\/\/www.lonesomepine.de\/en\/wp-json\/wp\/v2\/product_cat?post=3729"},{"taxonomy":"product_tag","embeddable":true,"href":"https:\/\/www.lonesomepine.de\/en\/wp-json\/wp\/v2\/product_tag?post=3729"}],"curies":[{"name":"wp","href":"https:\/\/api.w.org\/{rel}","templated":true}]}}