{"id":4006,"date":"2020-02-11T22:42:03","date_gmt":"2020-02-11T21:42:03","guid":{"rendered":"https:\/\/lonesomepinewesternshop.apps-1and1.net\/?post_type=product&#038;p=4006"},"modified":"2022-08-08T09:48:46","modified_gmt":"2022-08-08T08:48:46","slug":"hemd-alabama","status":"publish","type":"product","link":"https:\/\/www.lonesomepine.de\/en\/product\/hemd-alabama","title":{"rendered":"Hemd Alabama"},"content":{"rendered":"","protected":false},"excerpt":{"rendered":"<p>Herrenhemd im Westernstyle<\/p>\n<p>&#8211; Hemd f\u00e4llt gr\u00f6\u00dfer aus<br \/>\n&#8211; Druckkn\u00f6pfe<br \/>\n&#8211; Brusttaschen<\/p>","protected":false},"featured_media":4013,"comment_status":"open","ping_status":"closed","template":"","meta":[],"product_brand":[],"product_cat":[174],"product_tag":[472],"class_list":{"0":"post-4006","1":"product","2":"type-product","3":"status-publish","4":"has-post-thumbnail","6":"product_cat-kurzarm_hemden","7":"product_tag-westernhemd","8":"product_shipping_class-standard-versand","9":"pa_farbe-karriert","10":"pa_groesse_deutsch-s","11":"pa_groesse_deutsch-m","12":"pa_groesse_deutsch-l","13":"pa_groesse_deutsch-xl","14":"pa_groesse_deutsch-xxl","15":"pa_hersteller-panhandle","16":"pa_material-100_baumwolle","17":"pa_pflege-30-grad-feinwaesche","19":"first","20":"instock","21":"taxable","22":"shipping-taxable","23":"purchasable","24":"product-type-variable"},"aioseo_notices":[],"_links":{"self":[{"href":"https:\/\/www.lonesomepine.de\/en\/wp-json\/wp\/v2\/product\/4006","targetHints":{"allow":["GET"]}}],"collection":[{"href":"https:\/\/www.lonesomepine.de\/en\/wp-json\/wp\/v2\/product"}],"about":[{"href":"https:\/\/www.lonesomepine.de\/en\/wp-json\/wp\/v2\/types\/product"}],"replies":[{"embeddable":true,"href":"https:\/\/www.lonesomepine.de\/en\/wp-json\/wp\/v2\/comments?post=4006"}],"wp:featuredmedia":[{"embeddable":true,"href":"https:\/\/www.lonesomepine.de\/en\/wp-json\/wp\/v2\/media\/4013"}],"wp:attachment":[{"href":"https:\/\/www.lonesomepine.de\/en\/wp-json\/wp\/v2\/media?parent=4006"}],"wp:term":[{"taxonomy":"product_brand","embeddable":true,"href":"https:\/\/www.lonesomepine.de\/en\/wp-json\/wp\/v2\/product_brand?post=4006"},{"taxonomy":"product_cat","embeddable":true,"href":"https:\/\/www.lonesomepine.de\/en\/wp-json\/wp\/v2\/product_cat?post=4006"},{"taxonomy":"product_tag","embeddable":true,"href":"https:\/\/www.lonesomepine.de\/en\/wp-json\/wp\/v2\/product_tag?post=4006"}],"curies":[{"name":"wp","href":"https:\/\/api.w.org\/{rel}","templated":true}]}}