{"id":4273,"date":"2020-02-13T08:14:54","date_gmt":"2020-02-13T07:14:54","guid":{"rendered":"https:\/\/lonesomepinewesternshop.apps-1and1.net\/?post_type=product&#038;p=4273"},"modified":"2025-04-03T12:49:44","modified_gmt":"2025-04-03T11:49:44","slug":"crossbody-tasche-l-089-tan","status":"publish","type":"product","link":"https:\/\/www.lonesomepine.de\/en\/product\/crossbody-tasche-l-089-tan","title":{"rendered":"Crossbody Tasche L-187 BR"},"content":{"rendered":"","protected":false},"excerpt":{"rendered":"<p>Crossbody Tasche<\/p>\n<p>&#8211; Handgearbeitete Ledertasche zum Aufh\u00e4ngen an den Hosenschlaufen<br \/>\n&#8211; R\u00fcckseite ein Fach mit Reissverschlu\u00df f\u00fcr Wichtige Dinge EC Karte und Geld<br \/>\n&#8211; Prima beim Tanzen oder zum Reiten da hat man alles wichtige dabei und die H\u00e4nde frei<br \/>\n&#8211; Schulterriemen vorhanden<br \/>\n&#8211; So das man sie auch zu einer Bodycrosstasche umfunktionieren kann<br \/>\n&#8211; Gr\u00f6\u00dfe: 17x20cm<\/p>","protected":false},"featured_media":12211,"comment_status":"open","ping_status":"closed","template":"","meta":[],"product_brand":[],"product_cat":[178],"product_tag":[],"class_list":{"0":"post-4273","1":"product","2":"type-product","3":"status-publish","4":"has-post-thumbnail","6":"product_cat-handtaschen-accessoires","7":"pa_farbe-cognac","8":"pa_hersteller-montana_west","9":"pa_material-rindsleder","10":"pa_pflege-keine_angabe","12":"first","13":"instock","14":"taxable","15":"shipping-taxable","16":"purchasable","17":"product-type-simple"},"aioseo_notices":[],"_links":{"self":[{"href":"https:\/\/www.lonesomepine.de\/en\/wp-json\/wp\/v2\/product\/4273","targetHints":{"allow":["GET"]}}],"collection":[{"href":"https:\/\/www.lonesomepine.de\/en\/wp-json\/wp\/v2\/product"}],"about":[{"href":"https:\/\/www.lonesomepine.de\/en\/wp-json\/wp\/v2\/types\/product"}],"replies":[{"embeddable":true,"href":"https:\/\/www.lonesomepine.de\/en\/wp-json\/wp\/v2\/comments?post=4273"}],"wp:featuredmedia":[{"embeddable":true,"href":"https:\/\/www.lonesomepine.de\/en\/wp-json\/wp\/v2\/media\/12211"}],"wp:attachment":[{"href":"https:\/\/www.lonesomepine.de\/en\/wp-json\/wp\/v2\/media?parent=4273"}],"wp:term":[{"taxonomy":"product_brand","embeddable":true,"href":"https:\/\/www.lonesomepine.de\/en\/wp-json\/wp\/v2\/product_brand?post=4273"},{"taxonomy":"product_cat","embeddable":true,"href":"https:\/\/www.lonesomepine.de\/en\/wp-json\/wp\/v2\/product_cat?post=4273"},{"taxonomy":"product_tag","embeddable":true,"href":"https:\/\/www.lonesomepine.de\/en\/wp-json\/wp\/v2\/product_tag?post=4273"}],"curies":[{"name":"wp","href":"https:\/\/api.w.org\/{rel}","templated":true}]}}