{"id":5053,"date":"2020-02-18T11:33:58","date_gmt":"2020-02-18T10:33:58","guid":{"rendered":"https:\/\/lonesomepinewesternshop.apps-1and1.net\/?post_type=product&#038;p=5053"},"modified":"2024-01-18T11:56:44","modified_gmt":"2024-01-18T10:56:44","slug":"cape-ariat-zebra","status":"publish","type":"product","link":"https:\/\/www.lonesomepine.de\/en\/product\/cape-ariat-zebra","title":{"rendered":"Cap  68401 black"},"content":{"rendered":"","protected":false},"excerpt":{"rendered":"<p>Cap 68401<\/p>\n<p>&#8211; Damengr\u00f6\u00dfe onesize mit variablem Klettverschlu\u00df<br \/>\n&#8211; Basic Women Cap<br \/>\n&#8211; Gesticktes Logo mit Strass<\/p>","protected":false},"featured_media":11518,"comment_status":"open","ping_status":"closed","template":"","meta":[],"product_brand":[],"product_cat":[121,200],"product_tag":[607],"class_list":{"0":"post-5053","1":"product","2":"type-product","3":"status-publish","4":"has-post-thumbnail","6":"product_cat-caps","7":"product_cat-westernreiten","8":"product_tag-ariat-cap","9":"pa_farbe-schwarz","10":"pa_farbe-weiss","11":"pa_hersteller-ariat","12":"pa_material-100_baumwolle","13":"pa_pflege-keine_angabe","15":"first","16":"instock","17":"taxable","18":"shipping-taxable","19":"purchasable","20":"product-type-simple"},"aioseo_notices":[],"_links":{"self":[{"href":"https:\/\/www.lonesomepine.de\/en\/wp-json\/wp\/v2\/product\/5053","targetHints":{"allow":["GET"]}}],"collection":[{"href":"https:\/\/www.lonesomepine.de\/en\/wp-json\/wp\/v2\/product"}],"about":[{"href":"https:\/\/www.lonesomepine.de\/en\/wp-json\/wp\/v2\/types\/product"}],"replies":[{"embeddable":true,"href":"https:\/\/www.lonesomepine.de\/en\/wp-json\/wp\/v2\/comments?post=5053"}],"wp:featuredmedia":[{"embeddable":true,"href":"https:\/\/www.lonesomepine.de\/en\/wp-json\/wp\/v2\/media\/11518"}],"wp:attachment":[{"href":"https:\/\/www.lonesomepine.de\/en\/wp-json\/wp\/v2\/media?parent=5053"}],"wp:term":[{"taxonomy":"product_brand","embeddable":true,"href":"https:\/\/www.lonesomepine.de\/en\/wp-json\/wp\/v2\/product_brand?post=5053"},{"taxonomy":"product_cat","embeddable":true,"href":"https:\/\/www.lonesomepine.de\/en\/wp-json\/wp\/v2\/product_cat?post=5053"},{"taxonomy":"product_tag","embeddable":true,"href":"https:\/\/www.lonesomepine.de\/en\/wp-json\/wp\/v2\/product_tag?post=5053"}],"curies":[{"name":"wp","href":"https:\/\/api.w.org\/{rel}","templated":true}]}}