{"id":5074,"date":"2020-02-18T17:30:12","date_gmt":"2020-02-18T16:30:12","guid":{"rendered":"https:\/\/lonesomepinewesternshop.apps-1and1.net\/?post_type=product&#038;p=5074"},"modified":"2025-07-07T21:38:08","modified_gmt":"2025-07-07T20:38:08","slug":"cape-ariat-802","status":"publish","type":"product","link":"https:\/\/www.lonesomepine.de\/en\/product\/cape-ariat-802","title":{"rendered":"Cap TC Country Music"},"content":{"rendered":"","protected":false},"excerpt":{"rendered":"<p>Cap\u00a0 von Stars &amp; Stripes<\/p>\n<p>&#8211; Gr\u00f6\u00dfe one size mit variablem Klettverschlu\u00df<br \/>\n&#8211; Logo Motiv<\/p>","protected":false},"featured_media":10495,"comment_status":"open","ping_status":"closed","template":"","meta":[],"product_brand":[],"product_cat":[159],"product_tag":[659,660],"class_list":{"0":"post-5074","1":"product","2":"type-product","3":"status-publish","4":"has-post-thumbnail","6":"product_cat-caps_herren","7":"product_tag-oswsa-cap","8":"product_tag-trucker-cap","9":"pa_farbe-schwarz","10":"pa_hersteller-stars_stripes","11":"pa_material-100-baumwolle-mesh-100-polyester","12":"pa_pflege-keine_angabe","14":"first","15":"outofstock","16":"taxable","17":"shipping-taxable","18":"purchasable","19":"product-type-simple"},"aioseo_notices":[],"_links":{"self":[{"href":"https:\/\/www.lonesomepine.de\/en\/wp-json\/wp\/v2\/product\/5074","targetHints":{"allow":["GET"]}}],"collection":[{"href":"https:\/\/www.lonesomepine.de\/en\/wp-json\/wp\/v2\/product"}],"about":[{"href":"https:\/\/www.lonesomepine.de\/en\/wp-json\/wp\/v2\/types\/product"}],"replies":[{"embeddable":true,"href":"https:\/\/www.lonesomepine.de\/en\/wp-json\/wp\/v2\/comments?post=5074"}],"wp:featuredmedia":[{"embeddable":true,"href":"https:\/\/www.lonesomepine.de\/en\/wp-json\/wp\/v2\/media\/10495"}],"wp:attachment":[{"href":"https:\/\/www.lonesomepine.de\/en\/wp-json\/wp\/v2\/media?parent=5074"}],"wp:term":[{"taxonomy":"product_brand","embeddable":true,"href":"https:\/\/www.lonesomepine.de\/en\/wp-json\/wp\/v2\/product_brand?post=5074"},{"taxonomy":"product_cat","embeddable":true,"href":"https:\/\/www.lonesomepine.de\/en\/wp-json\/wp\/v2\/product_cat?post=5074"},{"taxonomy":"product_tag","embeddable":true,"href":"https:\/\/www.lonesomepine.de\/en\/wp-json\/wp\/v2\/product_tag?post=5074"}],"curies":[{"name":"wp","href":"https:\/\/api.w.org\/{rel}","templated":true}]}}