{"id":5082,"date":"2020-02-18T20:31:43","date_gmt":"2020-02-18T19:31:43","guid":{"rendered":"https:\/\/lonesomepinewesternshop.apps-1and1.net\/?post_type=product&#038;p=5082"},"modified":"2025-06-18T14:17:53","modified_gmt":"2025-06-18T13:17:53","slug":"cape-cowgirl-4029","status":"publish","type":"product","link":"https:\/\/www.lonesomepine.de\/en\/product\/cape-cowgirl-4029","title":{"rendered":"Cap Cowgirl 4029"},"content":{"rendered":"","protected":false},"excerpt":{"rendered":"<p>Cap pink mit Strass von Blazin Roxx<\/p>\n<p>&#8211; Damengr\u00f6\u00dfe one size mit variablem Klettverschlu\u00df<br \/>\n&#8211; Basic Women Cap<br \/>\n&#8211; Gesticktes Motiv<\/p>","protected":false},"featured_media":5083,"comment_status":"open","ping_status":"closed","template":"","meta":[],"product_brand":[],"product_cat":[121,200],"product_tag":[608],"class_list":{"0":"post-5082","1":"product","2":"type-product","3":"status-publish","4":"has-post-thumbnail","6":"product_cat-caps","7":"product_cat-westernreiten","8":"product_tag-cowgirl-cap","9":"pa_farbe-pink","10":"pa_hersteller-nocona","11":"pa_material-100_baumwolle","12":"pa_pflege-keine_angabe","14":"first","15":"instock","16":"taxable","17":"shipping-taxable","18":"purchasable","19":"product-type-simple"},"aioseo_notices":[],"_links":{"self":[{"href":"https:\/\/www.lonesomepine.de\/en\/wp-json\/wp\/v2\/product\/5082","targetHints":{"allow":["GET"]}}],"collection":[{"href":"https:\/\/www.lonesomepine.de\/en\/wp-json\/wp\/v2\/product"}],"about":[{"href":"https:\/\/www.lonesomepine.de\/en\/wp-json\/wp\/v2\/types\/product"}],"replies":[{"embeddable":true,"href":"https:\/\/www.lonesomepine.de\/en\/wp-json\/wp\/v2\/comments?post=5082"}],"wp:featuredmedia":[{"embeddable":true,"href":"https:\/\/www.lonesomepine.de\/en\/wp-json\/wp\/v2\/media\/5083"}],"wp:attachment":[{"href":"https:\/\/www.lonesomepine.de\/en\/wp-json\/wp\/v2\/media?parent=5082"}],"wp:term":[{"taxonomy":"product_brand","embeddable":true,"href":"https:\/\/www.lonesomepine.de\/en\/wp-json\/wp\/v2\/product_brand?post=5082"},{"taxonomy":"product_cat","embeddable":true,"href":"https:\/\/www.lonesomepine.de\/en\/wp-json\/wp\/v2\/product_cat?post=5082"},{"taxonomy":"product_tag","embeddable":true,"href":"https:\/\/www.lonesomepine.de\/en\/wp-json\/wp\/v2\/product_tag?post=5082"}],"curies":[{"name":"wp","href":"https:\/\/api.w.org\/{rel}","templated":true}]}}