{"id":5084,"date":"2020-02-18T20:36:44","date_gmt":"2020-02-18T19:36:44","guid":{"rendered":"https:\/\/lonesomepinewesternshop.apps-1and1.net\/?post_type=product&#038;p=5084"},"modified":"2024-01-18T11:51:24","modified_gmt":"2024-01-18T10:51:24","slug":"cape-heart-strass","status":"publish","type":"product","link":"https:\/\/www.lonesomepine.de\/en\/product\/cape-heart-strass","title":{"rendered":"Cap  Blazin Roxx"},"content":{"rendered":"","protected":false},"excerpt":{"rendered":"<p>Cap schwarz mit Strass<\/p>\n<p>&#8211; Damengr\u00f6\u00dfe one size mit variablem Klettverschlu\u00df<br \/>\n&#8211; Basic Women Cap<br \/>\n&#8211; Gesticktes Motiv<\/p>","protected":false},"featured_media":11516,"comment_status":"open","ping_status":"closed","template":"","meta":[],"product_brand":[],"product_cat":[121,200],"product_tag":[608],"class_list":{"0":"post-5084","1":"product","2":"type-product","3":"status-publish","4":"has-post-thumbnail","6":"product_cat-caps","7":"product_cat-westernreiten","8":"product_tag-cowgirl-cap","9":"pa_farbe-schwarz","10":"pa_hersteller-nocona","11":"pa_material-100_baumwolle","12":"pa_pflege-keine_angabe","14":"first","15":"instock","16":"taxable","17":"shipping-taxable","18":"purchasable","19":"product-type-simple"},"aioseo_notices":[],"_links":{"self":[{"href":"https:\/\/www.lonesomepine.de\/en\/wp-json\/wp\/v2\/product\/5084","targetHints":{"allow":["GET"]}}],"collection":[{"href":"https:\/\/www.lonesomepine.de\/en\/wp-json\/wp\/v2\/product"}],"about":[{"href":"https:\/\/www.lonesomepine.de\/en\/wp-json\/wp\/v2\/types\/product"}],"replies":[{"embeddable":true,"href":"https:\/\/www.lonesomepine.de\/en\/wp-json\/wp\/v2\/comments?post=5084"}],"wp:featuredmedia":[{"embeddable":true,"href":"https:\/\/www.lonesomepine.de\/en\/wp-json\/wp\/v2\/media\/11516"}],"wp:attachment":[{"href":"https:\/\/www.lonesomepine.de\/en\/wp-json\/wp\/v2\/media?parent=5084"}],"wp:term":[{"taxonomy":"product_brand","embeddable":true,"href":"https:\/\/www.lonesomepine.de\/en\/wp-json\/wp\/v2\/product_brand?post=5084"},{"taxonomy":"product_cat","embeddable":true,"href":"https:\/\/www.lonesomepine.de\/en\/wp-json\/wp\/v2\/product_cat?post=5084"},{"taxonomy":"product_tag","embeddable":true,"href":"https:\/\/www.lonesomepine.de\/en\/wp-json\/wp\/v2\/product_tag?post=5084"}],"curies":[{"name":"wp","href":"https:\/\/api.w.org\/{rel}","templated":true}]}}