{"id":5359,"date":"2020-02-19T20:13:21","date_gmt":"2020-02-19T19:13:21","guid":{"rendered":"https:\/\/lonesomepinewesternshop.apps-1and1.net\/?post_type=product&#038;p=5359"},"modified":"2026-03-02T08:11:43","modified_gmt":"2026-03-02T07:11:43","slug":"guertel-strass-stone-2","status":"publish","type":"product","link":"https:\/\/www.lonesomepine.de\/en\/product\/guertel-strass-stone-2","title":{"rendered":"Ranger Belt 6802 braun"},"content":{"rendered":"","protected":false},"excerpt":{"rendered":"<p>Ranger Belt geflochten<\/p>\n<p>\u2013 G\u00fcrtelschlie\u00dfe leicht tauschbar, Gr\u00f6\u00dfe 2cm breit<br \/>\n\u2013 Druckkn\u00f6pfe<br \/>\n\u2013 G\u00fcrtelbreite 3,3cm breit<\/p>","protected":false},"featured_media":11701,"comment_status":"open","ping_status":"closed","template":"","meta":[],"product_brand":[],"product_cat":[150,440],"product_tag":[],"class_list":{"0":"post-5359","1":"product","2":"type-product","3":"status-publish","4":"has-post-thumbnail","6":"product_cat-guertel_herren_sub","7":"product_cat-guertel-accessoires-sub","8":"product_shipping_class-standard-versand","9":"pa_farbe-dunkelbraun","10":"pa_groesse_deutsch-32-inch","11":"pa_groesse_deutsch-40-inch","12":"pa_hersteller-nocona","13":"pa_material-leder","14":"pa_pflege-keine_angabe","16":"first","17":"instock","18":"taxable","19":"shipping-taxable","20":"purchasable","21":"product-type-variable"},"aioseo_notices":[],"_links":{"self":[{"href":"https:\/\/www.lonesomepine.de\/en\/wp-json\/wp\/v2\/product\/5359","targetHints":{"allow":["GET"]}}],"collection":[{"href":"https:\/\/www.lonesomepine.de\/en\/wp-json\/wp\/v2\/product"}],"about":[{"href":"https:\/\/www.lonesomepine.de\/en\/wp-json\/wp\/v2\/types\/product"}],"replies":[{"embeddable":true,"href":"https:\/\/www.lonesomepine.de\/en\/wp-json\/wp\/v2\/comments?post=5359"}],"wp:featuredmedia":[{"embeddable":true,"href":"https:\/\/www.lonesomepine.de\/en\/wp-json\/wp\/v2\/media\/11701"}],"wp:attachment":[{"href":"https:\/\/www.lonesomepine.de\/en\/wp-json\/wp\/v2\/media?parent=5359"}],"wp:term":[{"taxonomy":"product_brand","embeddable":true,"href":"https:\/\/www.lonesomepine.de\/en\/wp-json\/wp\/v2\/product_brand?post=5359"},{"taxonomy":"product_cat","embeddable":true,"href":"https:\/\/www.lonesomepine.de\/en\/wp-json\/wp\/v2\/product_cat?post=5359"},{"taxonomy":"product_tag","embeddable":true,"href":"https:\/\/www.lonesomepine.de\/en\/wp-json\/wp\/v2\/product_tag?post=5359"}],"curies":[{"name":"wp","href":"https:\/\/api.w.org\/{rel}","templated":true}]}}