{"id":5691,"date":"2020-02-21T19:46:57","date_gmt":"2020-02-21T18:46:57","guid":{"rendered":"https:\/\/lonesomepinewesternshop.apps-1and1.net\/?post_type=product&#038;p=5691"},"modified":"2025-10-08T17:55:41","modified_gmt":"2025-10-08T16:55:41","slug":"weste-w-03","status":"publish","type":"product","link":"https:\/\/www.lonesomepine.de\/en\/product\/weste-w-03","title":{"rendered":"OS Mens  Stepp Weste"},"content":{"rendered":"","protected":false},"excerpt":{"rendered":"<p>OSWSA Herren Steppweste<\/p>\n<p>&#8211; sehr leicht<br \/>\n&#8211; gerader Schnitt<br \/>\n&#8211; f\u00e4llt gr\u00f6\u00dfer aus<\/p>","protected":false},"featured_media":12439,"comment_status":"open","ping_status":"closed","template":"","meta":[],"product_brand":[],"product_cat":[160,167,583],"product_tag":[555],"class_list":{"0":"post-5691","1":"product","2":"type-product","3":"status-publish","4":"has-post-thumbnail","6":"product_cat-jacken_westen_herren","7":"product_cat-westen_herren","8":"product_cat-os_westernsportsapprel","9":"product_tag-fransenweste","10":"product_shipping_class-standard-versand","11":"pa_farbe-dijon-sand","12":"pa_groesse_deutsch-l","13":"pa_hersteller-oswsa","14":"pa_material-100-polyester","15":"pa_pflege-30-grad-feinwaesche-auf-links-kein-trockner","17":"first","18":"instock","19":"taxable","20":"shipping-taxable","21":"purchasable","22":"product-type-variable"},"aioseo_notices":[],"_links":{"self":[{"href":"https:\/\/www.lonesomepine.de\/en\/wp-json\/wp\/v2\/product\/5691","targetHints":{"allow":["GET"]}}],"collection":[{"href":"https:\/\/www.lonesomepine.de\/en\/wp-json\/wp\/v2\/product"}],"about":[{"href":"https:\/\/www.lonesomepine.de\/en\/wp-json\/wp\/v2\/types\/product"}],"replies":[{"embeddable":true,"href":"https:\/\/www.lonesomepine.de\/en\/wp-json\/wp\/v2\/comments?post=5691"}],"wp:featuredmedia":[{"embeddable":true,"href":"https:\/\/www.lonesomepine.de\/en\/wp-json\/wp\/v2\/media\/12439"}],"wp:attachment":[{"href":"https:\/\/www.lonesomepine.de\/en\/wp-json\/wp\/v2\/media?parent=5691"}],"wp:term":[{"taxonomy":"product_brand","embeddable":true,"href":"https:\/\/www.lonesomepine.de\/en\/wp-json\/wp\/v2\/product_brand?post=5691"},{"taxonomy":"product_cat","embeddable":true,"href":"https:\/\/www.lonesomepine.de\/en\/wp-json\/wp\/v2\/product_cat?post=5691"},{"taxonomy":"product_tag","embeddable":true,"href":"https:\/\/www.lonesomepine.de\/en\/wp-json\/wp\/v2\/product_tag?post=5691"}],"curies":[{"name":"wp","href":"https:\/\/api.w.org\/{rel}","templated":true}]}}