{"id":5889,"date":"2020-02-23T14:25:31","date_gmt":"2020-02-23T13:25:31","guid":{"rendered":"https:\/\/lonesomepinewesternshop.apps-1and1.net\/?post_type=product&#038;p=5889"},"modified":"2024-04-05T07:27:16","modified_gmt":"2024-04-05T06:27:16","slug":"cowboy-stiefel-1705","status":"publish","type":"product","link":"https:\/\/www.lonesomepine.de\/en\/product\/cowboy-stiefel-1705","title":{"rendered":"Cowboy Stiefel  1705"},"content":{"rendered":"<p>Kinderstiefel<br \/>\n&#8211; Ein Kinder-und Jugendstiefel f\u00fcr alle Gelegenheiten.<br \/>\n&#8211; ls Reitstiefel oder im t\u00e4glichen Dauergebrauch<br \/>\n&#8211; mit diesem Westernboot ist man bestens ger\u00fcstet<br \/>\n&#8211; Der Twisted X Kids Ruff Stock besteht aus hochwertigem Rindsleder<br \/>\n&#8211; und besitzt eine abriebfeste Laufsohle<br \/>\n&#8211; Ein patentiertes Fu\u00dfbett aus Gelschaum sorgt f\u00fcr bequemen Laufkomfort<br \/>\n&#8211; ist anatomisch geformt und hat eine antibakterielle Wirkung<\/p>","protected":false},"excerpt":{"rendered":"<p>Twisted X Kids Ruff Stock<\/p>\n<p>&#8211; Westernstiefel in au\u00dfergew\u00f6hnlich, sch\u00f6nem Design in<br \/>\n&#8211; moderner square Toe Form<\/p>","protected":false},"featured_media":5901,"comment_status":"open","ping_status":"closed","template":"","meta":[],"product_brand":[],"product_cat":[138,137,442],"product_tag":[568],"class_list":{"0":"post-5889","1":"product","2":"type-product","3":"status-publish","4":"has-post-thumbnail","6":"product_cat-jungen","7":"product_cat-maedchen","8":"product_cat-kids_boots","9":"product_tag-cowboy-stiefel-kinder","10":"product_shipping_class-standard-versand","11":"pa_farbe-braun","12":"pa_farbe-rot","13":"pa_hersteller-twisted-x","14":"pa_material-rindsleder","15":"pa_pflege-keine_angabe","16":"pa_schuhgroesse-566","18":"first","19":"instock","20":"sale","21":"taxable","22":"shipping-taxable","23":"purchasable","24":"product-type-variable"},"aioseo_notices":[],"_links":{"self":[{"href":"https:\/\/www.lonesomepine.de\/en\/wp-json\/wp\/v2\/product\/5889","targetHints":{"allow":["GET"]}}],"collection":[{"href":"https:\/\/www.lonesomepine.de\/en\/wp-json\/wp\/v2\/product"}],"about":[{"href":"https:\/\/www.lonesomepine.de\/en\/wp-json\/wp\/v2\/types\/product"}],"replies":[{"embeddable":true,"href":"https:\/\/www.lonesomepine.de\/en\/wp-json\/wp\/v2\/comments?post=5889"}],"wp:featuredmedia":[{"embeddable":true,"href":"https:\/\/www.lonesomepine.de\/en\/wp-json\/wp\/v2\/media\/5901"}],"wp:attachment":[{"href":"https:\/\/www.lonesomepine.de\/en\/wp-json\/wp\/v2\/media?parent=5889"}],"wp:term":[{"taxonomy":"product_brand","embeddable":true,"href":"https:\/\/www.lonesomepine.de\/en\/wp-json\/wp\/v2\/product_brand?post=5889"},{"taxonomy":"product_cat","embeddable":true,"href":"https:\/\/www.lonesomepine.de\/en\/wp-json\/wp\/v2\/product_cat?post=5889"},{"taxonomy":"product_tag","embeddable":true,"href":"https:\/\/www.lonesomepine.de\/en\/wp-json\/wp\/v2\/product_tag?post=5889"}],"curies":[{"name":"wp","href":"https:\/\/api.w.org\/{rel}","templated":true}]}}