{"id":6285,"date":"2020-02-27T23:06:39","date_gmt":"2020-02-27T22:06:39","guid":{"rendered":"https:\/\/lonesomepinewesternshop.apps-1and1.net\/?post_type=product&#038;p=6285"},"modified":"2025-03-28T16:52:54","modified_gmt":"2025-03-28T15:52:54","slug":"guertel-punziert-n-902","status":"publish","type":"product","link":"https:\/\/www.lonesomepine.de\/en\/product\/guertel-punziert-n-902","title":{"rendered":"Ranger Belt 6801 black"},"content":{"rendered":"","protected":false},"excerpt":{"rendered":"<p>Ranger Belt geflochten<\/p>\n<p>&#8211; G\u00fcrtelschlie\u00dfe leicht tauschbar, Gr\u00f6\u00dfe 2cm breit<br \/>\n&#8211; Druckkn\u00f6pfe<br \/>\n&#8211; G\u00fcrtelbreite 3,3cm breit<\/p>","protected":false},"featured_media":11699,"comment_status":"open","ping_status":"closed","template":"","meta":[],"product_brand":[],"product_cat":[123,150,440,197],"product_tag":[585,586],"class_list":{"0":"post-6285","1":"product","2":"type-product","3":"status-publish","4":"has-post-thumbnail","6":"product_cat-guertel_sub","7":"product_cat-guertel_herren_sub","8":"product_cat-guertel-accessoires-sub","9":"product_cat-line_dance","10":"product_tag-belt","11":"product_tag-western-guertel","12":"product_shipping_class-standard-versand","13":"pa_farbe-schwarz","14":"pa_guertelgroesse_inch-34_inch","15":"pa_guertelgroesse_inch-40_inch","16":"pa_guertelgroesse_inch-42_inch","17":"pa_guertelgroesse_inch-44_inch","18":"pa_hersteller-nocona","19":"pa_material-100-leder","20":"pa_material-rindsleder","21":"pa_pflege-keine_angabe","23":"first","24":"instock","25":"taxable","26":"shipping-taxable","27":"purchasable","28":"product-type-variable"},"aioseo_notices":[],"_links":{"self":[{"href":"https:\/\/www.lonesomepine.de\/en\/wp-json\/wp\/v2\/product\/6285","targetHints":{"allow":["GET"]}}],"collection":[{"href":"https:\/\/www.lonesomepine.de\/en\/wp-json\/wp\/v2\/product"}],"about":[{"href":"https:\/\/www.lonesomepine.de\/en\/wp-json\/wp\/v2\/types\/product"}],"replies":[{"embeddable":true,"href":"https:\/\/www.lonesomepine.de\/en\/wp-json\/wp\/v2\/comments?post=6285"}],"wp:featuredmedia":[{"embeddable":true,"href":"https:\/\/www.lonesomepine.de\/en\/wp-json\/wp\/v2\/media\/11699"}],"wp:attachment":[{"href":"https:\/\/www.lonesomepine.de\/en\/wp-json\/wp\/v2\/media?parent=6285"}],"wp:term":[{"taxonomy":"product_brand","embeddable":true,"href":"https:\/\/www.lonesomepine.de\/en\/wp-json\/wp\/v2\/product_brand?post=6285"},{"taxonomy":"product_cat","embeddable":true,"href":"https:\/\/www.lonesomepine.de\/en\/wp-json\/wp\/v2\/product_cat?post=6285"},{"taxonomy":"product_tag","embeddable":true,"href":"https:\/\/www.lonesomepine.de\/en\/wp-json\/wp\/v2\/product_tag?post=6285"}],"curies":[{"name":"wp","href":"https:\/\/api.w.org\/{rel}","templated":true}]}}