{"id":7273,"date":"2020-03-18T11:43:18","date_gmt":"2020-03-18T10:43:18","guid":{"rendered":"https:\/\/lonesomepinewesternshop.apps-1and1.net\/?post_type=product&#038;p=7273"},"modified":"2020-03-18T11:57:19","modified_gmt":"2020-03-18T10:57:19","slug":"boerse-bw2-2714-tuerkis","status":"publish","type":"product","link":"https:\/\/www.lonesomepine.de\/en\/product\/boerse-bw2-2714-tuerkis","title":{"rendered":"B\u00f6rse BW2-2714 t\u00fcrkis"},"content":{"rendered":"","protected":false},"excerpt":{"rendered":"<p>B\u00f6rse\/ Cluch mit Strass<\/p>\n<p>&#8211; Unifarbenes Innenfutter aus Polyester<br \/>\n&#8211; Viele Kartenf\u00e4cher<br \/>\n&#8211; Kleingeldfach Innen ohne Rei\u00dfverschluss<br \/>\n&#8211; Schlie\u00dft mit Druckknopf<br \/>\n&#8211; Riemen f\u00fcrs Handgelenk abnehmbar<\/p>","protected":false},"featured_media":7274,"comment_status":"open","ping_status":"closed","template":"","meta":[],"product_brand":[],"product_cat":[179],"product_tag":[476],"class_list":{"0":"post-7273","1":"product","2":"type-product","3":"status-publish","4":"has-post-thumbnail","6":"product_cat-geldboersen-accessoires","7":"product_tag-geldboerse","8":"pa_farbe-schwarz","9":"pa_farbe-tuerkis","10":"pa_hersteller-montana_west","11":"pa_material-kunstleder","12":"pa_pflege-keine_angabe","14":"first","15":"instock","16":"taxable","17":"shipping-taxable","18":"purchasable","19":"product-type-simple"},"aioseo_notices":[],"_links":{"self":[{"href":"https:\/\/www.lonesomepine.de\/en\/wp-json\/wp\/v2\/product\/7273","targetHints":{"allow":["GET"]}}],"collection":[{"href":"https:\/\/www.lonesomepine.de\/en\/wp-json\/wp\/v2\/product"}],"about":[{"href":"https:\/\/www.lonesomepine.de\/en\/wp-json\/wp\/v2\/types\/product"}],"replies":[{"embeddable":true,"href":"https:\/\/www.lonesomepine.de\/en\/wp-json\/wp\/v2\/comments?post=7273"}],"wp:featuredmedia":[{"embeddable":true,"href":"https:\/\/www.lonesomepine.de\/en\/wp-json\/wp\/v2\/media\/7274"}],"wp:attachment":[{"href":"https:\/\/www.lonesomepine.de\/en\/wp-json\/wp\/v2\/media?parent=7273"}],"wp:term":[{"taxonomy":"product_brand","embeddable":true,"href":"https:\/\/www.lonesomepine.de\/en\/wp-json\/wp\/v2\/product_brand?post=7273"},{"taxonomy":"product_cat","embeddable":true,"href":"https:\/\/www.lonesomepine.de\/en\/wp-json\/wp\/v2\/product_cat?post=7273"},{"taxonomy":"product_tag","embeddable":true,"href":"https:\/\/www.lonesomepine.de\/en\/wp-json\/wp\/v2\/product_tag?post=7273"}],"curies":[{"name":"wp","href":"https:\/\/api.w.org\/{rel}","templated":true}]}}