{"id":7315,"date":"2020-03-18T17:25:05","date_gmt":"2020-03-18T16:25:05","guid":{"rendered":"https:\/\/lonesomepinewesternshop.apps-1and1.net\/?post_type=product&#038;p=7315"},"modified":"2023-03-09T22:27:46","modified_gmt":"2023-03-09T21:27:46","slug":"women-blouson-payton","status":"publish","type":"product","link":"https:\/\/www.lonesomepine.de\/en\/product\/women-blouson-payton","title":{"rendered":"Women Blouson Payton"},"content":{"rendered":"<p>&#8211; Der technische Oberstoff, unser bester nahezu knitterfreier Memory-Nylon<br \/>\n&#8211; Ist besonders leise (raschelt nicht)<br \/>\n&#8211; Und zeichnet sich durch seinen weichen Griff aus<br \/>\n&#8211; Winddicht, wasserabweisend, atmungsaktiv und besonders leicht<br \/>\n&#8211; Ein hervorragendes Produkt f\u00fcr die t\u00e4gliche Arbeit im Sattel<br \/>\n&#8211; W\u00e4hrend der gem\u00e4\u00dfigten Jahreszeiten<br \/>\n&#8211; Die K\u00f6rperinnenseite ist mit unserem besten pro.tec.you-antipilling-Polarfleece gef\u00fcttert<br \/>\n&#8211; Die Arme bleiben leicht und ungef\u00fcttert<\/p>","protected":false},"excerpt":{"rendered":"<p>OSWSA Women Blouson &#8220;PAYTON&#8221; navy<\/p>\n<p>&#8211; Hoch modisch und zeitlos klassisch, also immer tragbar<br \/>\n&#8211; Innen 300g polarfleece gef\u00fcttert<\/p>","protected":false},"featured_media":7321,"comment_status":"open","ping_status":"closed","template":"","meta":[],"product_brand":[],"product_cat":[110,583],"product_tag":[599],"class_list":{"0":"post-7315","1":"product","2":"type-product","3":"status-publish","4":"has-post-thumbnail","6":"product_cat-oswsa_ranchgirls","7":"product_cat-os_westernsportsapprel","8":"product_tag-windbreaker","9":"product_shipping_class-standard-versand","10":"pa_farbe-navy","11":"pa_groesse_deutsch-l-40","12":"pa_groesse_deutsch-m-38","13":"pa_groesse_deutsch-s-36","14":"pa_groesse_deutsch-xl-42","15":"pa_groesse_deutsch-xxl-44","16":"pa_hersteller-oswsa","17":"pa_material-100-polyester","18":"pa_pflege-auf-links-waschen-kein-weichspueler-kein-trockner","20":"first","21":"instock","22":"taxable","23":"shipping-taxable","24":"purchasable","25":"product-type-variable"},"aioseo_notices":[],"_links":{"self":[{"href":"https:\/\/www.lonesomepine.de\/en\/wp-json\/wp\/v2\/product\/7315","targetHints":{"allow":["GET"]}}],"collection":[{"href":"https:\/\/www.lonesomepine.de\/en\/wp-json\/wp\/v2\/product"}],"about":[{"href":"https:\/\/www.lonesomepine.de\/en\/wp-json\/wp\/v2\/types\/product"}],"replies":[{"embeddable":true,"href":"https:\/\/www.lonesomepine.de\/en\/wp-json\/wp\/v2\/comments?post=7315"}],"wp:featuredmedia":[{"embeddable":true,"href":"https:\/\/www.lonesomepine.de\/en\/wp-json\/wp\/v2\/media\/7321"}],"wp:attachment":[{"href":"https:\/\/www.lonesomepine.de\/en\/wp-json\/wp\/v2\/media?parent=7315"}],"wp:term":[{"taxonomy":"product_brand","embeddable":true,"href":"https:\/\/www.lonesomepine.de\/en\/wp-json\/wp\/v2\/product_brand?post=7315"},{"taxonomy":"product_cat","embeddable":true,"href":"https:\/\/www.lonesomepine.de\/en\/wp-json\/wp\/v2\/product_cat?post=7315"},{"taxonomy":"product_tag","embeddable":true,"href":"https:\/\/www.lonesomepine.de\/en\/wp-json\/wp\/v2\/product_tag?post=7315"}],"curies":[{"name":"wp","href":"https:\/\/api.w.org\/{rel}","templated":true}]}}