{"id":7415,"date":"2020-04-05T21:10:55","date_gmt":"2020-04-05T20:10:55","guid":{"rendered":"https:\/\/lonesomepinewesternshop.apps-1and1.net\/?post_type=product&#038;p=7415"},"modified":"2023-04-05T21:40:36","modified_gmt":"2023-04-05T20:40:36","slug":"guertel-lady-802","status":"publish","type":"product","link":"https:\/\/www.lonesomepine.de\/en\/product\/guertel-lady-802","title":{"rendered":"G\u00fcrtel Lady 802"},"content":{"rendered":"<p>Size determination<br \/>\nS = 77cm<\/p>\n<p>M = 87cm<\/p>\n<p>L = 97cm<\/p>\n<p>XL= 107cm<\/p>\n<p>The length is measured from the mandrel to the centre hole<\/p>","protected":false},"excerpt":{"rendered":"<p>G\u00fcrtel aus Leder mit Punzierung<\/p>\n<p>&#8211; Show G\u00fcrtel mit Nieten verziert<br \/>\n&#8211; Die G\u00fcrtelschnalle l\u00e4\u00dft sich<br \/>\n&#8211; Leicht austauschen durch Druckkn\u00f6opfe<br \/>\n&#8211; G\u00fcrtelbreite 4cm<\/p>","protected":false},"featured_media":7421,"comment_status":"open","ping_status":"closed","template":"","meta":[],"product_brand":[],"product_cat":[123,440,197,200],"product_tag":[586],"class_list":{"0":"post-7415","1":"product","2":"type-product","3":"status-publish","4":"has-post-thumbnail","6":"product_cat-guertel_sub","7":"product_cat-guertel-accessoires-sub","8":"product_cat-line_dance","9":"product_cat-westernreiten","10":"product_tag-western-guertel","11":"product_shipping_class-standard-versand","12":"pa_farbe-braun","13":"pa_groesse_deutsch-s","14":"pa_groesse_deutsch-m","15":"pa_groesse_deutsch-l","16":"pa_groesse_deutsch-xl","17":"pa_hersteller-nocona","18":"pa_material-rindsleder","19":"pa_pflege-keine_angabe","21":"first","22":"instock","23":"taxable","24":"shipping-taxable","25":"purchasable","26":"product-type-variable"},"aioseo_notices":[],"_links":{"self":[{"href":"https:\/\/www.lonesomepine.de\/en\/wp-json\/wp\/v2\/product\/7415","targetHints":{"allow":["GET"]}}],"collection":[{"href":"https:\/\/www.lonesomepine.de\/en\/wp-json\/wp\/v2\/product"}],"about":[{"href":"https:\/\/www.lonesomepine.de\/en\/wp-json\/wp\/v2\/types\/product"}],"replies":[{"embeddable":true,"href":"https:\/\/www.lonesomepine.de\/en\/wp-json\/wp\/v2\/comments?post=7415"}],"wp:featuredmedia":[{"embeddable":true,"href":"https:\/\/www.lonesomepine.de\/en\/wp-json\/wp\/v2\/media\/7421"}],"wp:attachment":[{"href":"https:\/\/www.lonesomepine.de\/en\/wp-json\/wp\/v2\/media?parent=7415"}],"wp:term":[{"taxonomy":"product_brand","embeddable":true,"href":"https:\/\/www.lonesomepine.de\/en\/wp-json\/wp\/v2\/product_brand?post=7415"},{"taxonomy":"product_cat","embeddable":true,"href":"https:\/\/www.lonesomepine.de\/en\/wp-json\/wp\/v2\/product_cat?post=7415"},{"taxonomy":"product_tag","embeddable":true,"href":"https:\/\/www.lonesomepine.de\/en\/wp-json\/wp\/v2\/product_tag?post=7415"}],"curies":[{"name":"wp","href":"https:\/\/api.w.org\/{rel}","templated":true}]}}