{"id":7453,"date":"2020-04-06T17:25:22","date_gmt":"2020-04-06T16:25:22","guid":{"rendered":"https:\/\/lonesomepinewesternshop.apps-1and1.net\/?post_type=product&#038;p=7453"},"modified":"2024-04-17T14:16:23","modified_gmt":"2024-04-17T13:16:23","slug":"00-vorlage-produkt-in-inch-groessen-kopie-kopie","status":"publish","type":"product","link":"https:\/\/www.lonesomepine.de\/en\/product\/00-vorlage-produkt-in-inch-groessen-kopie-kopie","title":{"rendered":"G\u00fcrtel Fell 98002"},"content":{"rendered":"","protected":false},"excerpt":{"rendered":"<p>G\u00fcrtel mit Punzierung und gro\u00dfen Conchos<\/p>\n<p>\u2013 Show G\u00fcrtel mit Kuhfell, Strass und Nieten verziert<br \/>\n\u2013 Die G\u00fcrtelschnalle l\u00e4\u00dft sich<br \/>\n\u2013 Leicht austauschen durch Druckkn\u00f6opfe<br \/>\n\u2013 G\u00fcrtelbreite 3,8cm<\/p>","protected":false},"featured_media":7464,"comment_status":"open","ping_status":"closed","template":"","meta":[],"product_brand":[],"product_cat":[123,200],"product_tag":[611,610],"class_list":{"0":"post-7453","1":"product","2":"type-product","3":"status-publish","4":"has-post-thumbnail","6":"product_cat-guertel_sub","7":"product_cat-westernreiten","8":"product_tag-show-guertel","9":"product_tag-westernguertel","10":"product_shipping_class-standard-versand","11":"pa_farbe-braun","12":"pa_guertelgroesse_inch-32_inch","13":"pa_guertelgroesse_inch-36_inch","14":"pa_guertelgroesse_inch-38_inch","15":"pa_guertelgroesse_inch-44_inch","16":"pa_hersteller-nocona","17":"pa_material-100-leder","18":"pa_pflege-keine_angabe","20":"first","21":"instock","22":"taxable","23":"shipping-taxable","24":"purchasable","25":"product-type-variable"},"aioseo_notices":[],"_links":{"self":[{"href":"https:\/\/www.lonesomepine.de\/en\/wp-json\/wp\/v2\/product\/7453","targetHints":{"allow":["GET"]}}],"collection":[{"href":"https:\/\/www.lonesomepine.de\/en\/wp-json\/wp\/v2\/product"}],"about":[{"href":"https:\/\/www.lonesomepine.de\/en\/wp-json\/wp\/v2\/types\/product"}],"replies":[{"embeddable":true,"href":"https:\/\/www.lonesomepine.de\/en\/wp-json\/wp\/v2\/comments?post=7453"}],"wp:featuredmedia":[{"embeddable":true,"href":"https:\/\/www.lonesomepine.de\/en\/wp-json\/wp\/v2\/media\/7464"}],"wp:attachment":[{"href":"https:\/\/www.lonesomepine.de\/en\/wp-json\/wp\/v2\/media?parent=7453"}],"wp:term":[{"taxonomy":"product_brand","embeddable":true,"href":"https:\/\/www.lonesomepine.de\/en\/wp-json\/wp\/v2\/product_brand?post=7453"},{"taxonomy":"product_cat","embeddable":true,"href":"https:\/\/www.lonesomepine.de\/en\/wp-json\/wp\/v2\/product_cat?post=7453"},{"taxonomy":"product_tag","embeddable":true,"href":"https:\/\/www.lonesomepine.de\/en\/wp-json\/wp\/v2\/product_tag?post=7453"}],"curies":[{"name":"wp","href":"https:\/\/api.w.org\/{rel}","templated":true}]}}