{"id":7474,"date":"2020-04-06T18:10:50","date_gmt":"2020-04-06T17:10:50","guid":{"rendered":"https:\/\/lonesomepinewesternshop.apps-1and1.net\/?post_type=product&#038;p=7474"},"modified":"2026-02-26T16:25:56","modified_gmt":"2026-02-26T15:25:56","slug":"guertel-belle-002","status":"publish","type":"product","link":"https:\/\/www.lonesomepine.de\/en\/product\/guertel-belle-002","title":{"rendered":"Ranger Belt 20254"},"content":{"rendered":"","protected":false},"excerpt":{"rendered":"<p>Ranger Belt<\/p>\n<p>&#8211; mit kleinen Conchos<br \/>\n&#8211; Farbabeichungen in den einzelnen Gr\u00f6\u00dfen m\u00f6glich<\/p>","protected":false},"featured_media":11695,"comment_status":"open","ping_status":"closed","template":"","meta":[],"product_brand":[],"product_cat":[123,150,440,197],"product_tag":[586],"class_list":{"0":"post-7474","1":"product","2":"type-product","3":"status-publish","4":"has-post-thumbnail","6":"product_cat-guertel_sub","7":"product_cat-guertel_herren_sub","8":"product_cat-guertel-accessoires-sub","9":"product_cat-line_dance","10":"product_tag-western-guertel","11":"product_shipping_class-standard-versand","12":"pa_farbe-braun","13":"pa_farbe-rotbraun","14":"pa_groesse_deutsch-40-inch","15":"pa_groesse_deutsch-42-inch","16":"pa_groesse_deutsch-44-inch","17":"pa_groesse_deutsch-46-inch","18":"pa_hersteller-nocona","19":"pa_material-100-leder","20":"pa_pflege-keine_angabe","22":"first","23":"instock","24":"taxable","25":"shipping-taxable","26":"purchasable","27":"product-type-variable"},"aioseo_notices":[],"_links":{"self":[{"href":"https:\/\/www.lonesomepine.de\/en\/wp-json\/wp\/v2\/product\/7474","targetHints":{"allow":["GET"]}}],"collection":[{"href":"https:\/\/www.lonesomepine.de\/en\/wp-json\/wp\/v2\/product"}],"about":[{"href":"https:\/\/www.lonesomepine.de\/en\/wp-json\/wp\/v2\/types\/product"}],"replies":[{"embeddable":true,"href":"https:\/\/www.lonesomepine.de\/en\/wp-json\/wp\/v2\/comments?post=7474"}],"wp:featuredmedia":[{"embeddable":true,"href":"https:\/\/www.lonesomepine.de\/en\/wp-json\/wp\/v2\/media\/11695"}],"wp:attachment":[{"href":"https:\/\/www.lonesomepine.de\/en\/wp-json\/wp\/v2\/media?parent=7474"}],"wp:term":[{"taxonomy":"product_brand","embeddable":true,"href":"https:\/\/www.lonesomepine.de\/en\/wp-json\/wp\/v2\/product_brand?post=7474"},{"taxonomy":"product_cat","embeddable":true,"href":"https:\/\/www.lonesomepine.de\/en\/wp-json\/wp\/v2\/product_cat?post=7474"},{"taxonomy":"product_tag","embeddable":true,"href":"https:\/\/www.lonesomepine.de\/en\/wp-json\/wp\/v2\/product_tag?post=7474"}],"curies":[{"name":"wp","href":"https:\/\/api.w.org\/{rel}","templated":true}]}}