{"id":7488,"date":"2020-04-06T18:43:47","date_gmt":"2020-04-06T17:43:47","guid":{"rendered":"https:\/\/lonesomepinewesternshop.apps-1and1.net\/?post_type=product&#038;p=7488"},"modified":"2025-04-08T13:20:11","modified_gmt":"2025-04-08T12:20:11","slug":"guertel-strass-17462","status":"publish","type":"product","link":"https:\/\/www.lonesomepine.de\/en\/product\/guertel-strass-17462","title":{"rendered":"G\u00fcrtel Strass 17462"},"content":{"rendered":"<p>Size determination<br \/>\nS = 77cm<\/p>\n<p>M = 87cm<\/p>\n<p>L = 97cm<\/p>\n<p>XL= 107cm<\/p>\n<p>The length is measured from the mandrel to the centre hole<\/p>","protected":false},"excerpt":{"rendered":"<p>G\u00fcrtel mit Strass<\/p>\n<p>&#8211;\u00a0 G\u00fcrtel von Blazin Roxx\u00a0 wellenartig<br \/>\n&#8211; Mit Strass und Conchos verziert<br \/>\n&#8211; Die\u00a0 G\u00fcrtelschnalle l\u00e4\u00dft sich<br \/>\n&#8211; Leicht austauschen durch Schrauben<br \/>\n&#8211; G\u00fcrtelbreite breiteste Stelle 4cm<br \/>\n&#8211; Schmale Stelle 2,5cm <\/p>","protected":false},"featured_media":7494,"comment_status":"open","ping_status":"closed","template":"","meta":[],"product_brand":[],"product_cat":[123,440,197],"product_tag":[611,612],"class_list":{"0":"post-7488","1":"product","2":"type-product","3":"status-publish","4":"has-post-thumbnail","6":"product_cat-guertel_sub","7":"product_cat-guertel-accessoires-sub","8":"product_cat-line_dance","9":"product_tag-show-guertel","10":"product_tag-strass-guertel","11":"product_shipping_class-standard-versand","12":"pa_farbe-schwarz","13":"pa_farbe-weiss","14":"pa_groesse_deutsch-s","15":"pa_groesse_deutsch-m","16":"pa_groesse_deutsch-l","17":"pa_groesse_deutsch-xl","18":"pa_hersteller-nocona","19":"pa_material-kunstleder","20":"pa_pflege-keine_angabe","22":"first","23":"instock","24":"taxable","25":"shipping-taxable","26":"purchasable","27":"product-type-variable"},"aioseo_notices":[],"_links":{"self":[{"href":"https:\/\/www.lonesomepine.de\/en\/wp-json\/wp\/v2\/product\/7488","targetHints":{"allow":["GET"]}}],"collection":[{"href":"https:\/\/www.lonesomepine.de\/en\/wp-json\/wp\/v2\/product"}],"about":[{"href":"https:\/\/www.lonesomepine.de\/en\/wp-json\/wp\/v2\/types\/product"}],"replies":[{"embeddable":true,"href":"https:\/\/www.lonesomepine.de\/en\/wp-json\/wp\/v2\/comments?post=7488"}],"wp:featuredmedia":[{"embeddable":true,"href":"https:\/\/www.lonesomepine.de\/en\/wp-json\/wp\/v2\/media\/7494"}],"wp:attachment":[{"href":"https:\/\/www.lonesomepine.de\/en\/wp-json\/wp\/v2\/media?parent=7488"}],"wp:term":[{"taxonomy":"product_brand","embeddable":true,"href":"https:\/\/www.lonesomepine.de\/en\/wp-json\/wp\/v2\/product_brand?post=7488"},{"taxonomy":"product_cat","embeddable":true,"href":"https:\/\/www.lonesomepine.de\/en\/wp-json\/wp\/v2\/product_cat?post=7488"},{"taxonomy":"product_tag","embeddable":true,"href":"https:\/\/www.lonesomepine.de\/en\/wp-json\/wp\/v2\/product_tag?post=7488"}],"curies":[{"name":"wp","href":"https:\/\/api.w.org\/{rel}","templated":true}]}}