{"id":7744,"date":"2020-04-10T18:13:40","date_gmt":"2020-04-10T17:13:40","guid":{"rendered":"https:\/\/lonesomepinewesternshop.apps-1and1.net\/?post_type=product&#038;p=7744"},"modified":"2022-12-02T08:01:51","modified_gmt":"2022-12-02T07:01:51","slug":"weste-polly-mud","status":"publish","type":"product","link":"https:\/\/www.lonesomepine.de\/en\/product\/weste-polly-mud","title":{"rendered":"Weste Polly mud"},"content":{"rendered":"","protected":false},"excerpt":{"rendered":"<p>Weste Polly mud<\/p>\n<p>&#8211; Eine hoch leistungsf\u00e4hige Weste gegen K\u00e4lte, Wind und N\u00e4sse<br \/>\n&#8211; 300g Polar fleece und Microfill Poly-Futter<br \/>\n&#8211; Mit hochwertigem Memorienylon (antiknitter)<br \/>\n&#8211; Zwei Aussentaschen mit stabilen Rei\u00dfverschl\u00fcssen<\/p>","protected":false},"featured_media":7750,"comment_status":"open","ping_status":"closed","template":"","meta":[],"product_brand":[],"product_cat":[110,583],"product_tag":[594],"class_list":{"0":"post-7744","1":"product","2":"type-product","3":"status-publish","4":"has-post-thumbnail","6":"product_cat-oswsa_ranchgirls","7":"product_cat-os_westernsportsapprel","8":"product_tag-oswsa-weste","9":"product_shipping_class-standard-versand","10":"pa_farbe-beige","11":"pa_groesse_deutsch-l-40","12":"pa_groesse_deutsch-m-38","13":"pa_groesse_deutsch-s-36","14":"pa_groesse_deutsch-xl-42","15":"pa_hersteller-oswsa","16":"pa_material-100-nylon","17":"pa_pflege-auf-links-waschen-kein-weichspueler-kein-trockner","19":"first","20":"instock","21":"taxable","22":"shipping-taxable","23":"purchasable","24":"product-type-variable"},"aioseo_notices":[],"_links":{"self":[{"href":"https:\/\/www.lonesomepine.de\/en\/wp-json\/wp\/v2\/product\/7744","targetHints":{"allow":["GET"]}}],"collection":[{"href":"https:\/\/www.lonesomepine.de\/en\/wp-json\/wp\/v2\/product"}],"about":[{"href":"https:\/\/www.lonesomepine.de\/en\/wp-json\/wp\/v2\/types\/product"}],"replies":[{"embeddable":true,"href":"https:\/\/www.lonesomepine.de\/en\/wp-json\/wp\/v2\/comments?post=7744"}],"wp:featuredmedia":[{"embeddable":true,"href":"https:\/\/www.lonesomepine.de\/en\/wp-json\/wp\/v2\/media\/7750"}],"wp:attachment":[{"href":"https:\/\/www.lonesomepine.de\/en\/wp-json\/wp\/v2\/media?parent=7744"}],"wp:term":[{"taxonomy":"product_brand","embeddable":true,"href":"https:\/\/www.lonesomepine.de\/en\/wp-json\/wp\/v2\/product_brand?post=7744"},{"taxonomy":"product_cat","embeddable":true,"href":"https:\/\/www.lonesomepine.de\/en\/wp-json\/wp\/v2\/product_cat?post=7744"},{"taxonomy":"product_tag","embeddable":true,"href":"https:\/\/www.lonesomepine.de\/en\/wp-json\/wp\/v2\/product_tag?post=7744"}],"curies":[{"name":"wp","href":"https:\/\/api.w.org\/{rel}","templated":true}]}}