{"id":7764,"date":"2020-04-10T19:40:04","date_gmt":"2020-04-10T18:40:04","guid":{"rendered":"https:\/\/lonesomepinewesternshop.apps-1and1.net\/?post_type=product&#038;p=7764"},"modified":"2025-05-10T09:04:44","modified_gmt":"2025-05-10T08:04:44","slug":"thermo-jacke-ruth","status":"publish","type":"product","link":"https:\/\/www.lonesomepine.de\/en\/product\/thermo-jacke-ruth","title":{"rendered":"Thermo Jacke Ruth"},"content":{"rendered":"","protected":false},"excerpt":{"rendered":"<p>THERMO JACKET Ruth schwarz<\/p>\n<p>&#8211; Die Ranchgirl Jacket ist aus unserem pro.tec.you Thermomaterial gefertigt<br \/>\n&#8211; Innen mit 300g Polarfleece supersoft laminiert<br \/>\n&#8211; Somit ultraleicht, wasserabweisend, atmungsaktiv und kuschlig warm.<br \/>\n&#8211; Die sportlich leicht taillierte Jacke ist mit seitlichen Rei\u00dfverschlusstaschen versehen<br \/>\n&#8211; Und hat einen praktischen Zweiwegerei\u00dfverschluss<br \/>\n&#8211; Der Kragen geht in die Kapuze \u00fcber und l\u00e4sst sich hoch schlie\u00dfen<\/p>","protected":false},"featured_media":7767,"comment_status":"open","ping_status":"closed","template":"","meta":[],"product_brand":[],"product_cat":[110,583],"product_tag":[508],"class_list":{"0":"post-7764","1":"product","2":"type-product","3":"status-publish","4":"has-post-thumbnail","6":"product_cat-oswsa_ranchgirls","7":"product_cat-os_westernsportsapprel","8":"product_tag-oswsa-jacke","9":"product_shipping_class-standard-versand","10":"pa_farbe-schwarz","11":"pa_groesse_deutsch-m-38","12":"pa_hersteller-oswsa","13":"pa_material-100-polyester","14":"pa_pflege-auf-links-waschen-kein-weichspueler-kein-trockner","16":"first","17":"instock","18":"taxable","19":"shipping-taxable","20":"purchasable","21":"product-type-variable"},"aioseo_notices":[],"_links":{"self":[{"href":"https:\/\/www.lonesomepine.de\/en\/wp-json\/wp\/v2\/product\/7764","targetHints":{"allow":["GET"]}}],"collection":[{"href":"https:\/\/www.lonesomepine.de\/en\/wp-json\/wp\/v2\/product"}],"about":[{"href":"https:\/\/www.lonesomepine.de\/en\/wp-json\/wp\/v2\/types\/product"}],"replies":[{"embeddable":true,"href":"https:\/\/www.lonesomepine.de\/en\/wp-json\/wp\/v2\/comments?post=7764"}],"wp:featuredmedia":[{"embeddable":true,"href":"https:\/\/www.lonesomepine.de\/en\/wp-json\/wp\/v2\/media\/7767"}],"wp:attachment":[{"href":"https:\/\/www.lonesomepine.de\/en\/wp-json\/wp\/v2\/media?parent=7764"}],"wp:term":[{"taxonomy":"product_brand","embeddable":true,"href":"https:\/\/www.lonesomepine.de\/en\/wp-json\/wp\/v2\/product_brand?post=7764"},{"taxonomy":"product_cat","embeddable":true,"href":"https:\/\/www.lonesomepine.de\/en\/wp-json\/wp\/v2\/product_cat?post=7764"},{"taxonomy":"product_tag","embeddable":true,"href":"https:\/\/www.lonesomepine.de\/en\/wp-json\/wp\/v2\/product_tag?post=7764"}],"curies":[{"name":"wp","href":"https:\/\/api.w.org\/{rel}","templated":true}]}}