{"id":7800,"date":"2020-04-13T19:35:29","date_gmt":"2020-04-13T18:35:29","guid":{"rendered":"https:\/\/lonesomepinewesternshop.apps-1and1.net\/?post_type=product&#038;p=7800"},"modified":"2020-04-13T20:35:48","modified_gmt":"2020-04-13T19:35:48","slug":"guertel-strass-89402","status":"publish","type":"product","link":"https:\/\/www.lonesomepine.de\/en\/product\/guertel-strass-89402","title":{"rendered":"G\u00fcrtel Strass 89402"},"content":{"rendered":"<p>Size determination<br \/>\nS = 77cm<\/p>\n<p>M = 87cm<\/p>\n<p>L = 97cm<\/p>\n<p>XL= 107cm<\/p>\n<p>The length is measured from the mandrel to the centre hole<\/p>","protected":false},"excerpt":{"rendered":"<p>G\u00fcrtel mit Strass<\/p>\n<p>\u2013 Show G\u00fcrtel in Krokooptik mit Strass und verziert<br \/>\n\u2013 Die ausgefallene G\u00fcrtelschnalle l\u00e4\u00dft sich<br \/>\n\u2013 Leicht austauschen durch Druckknopfverschlu\u00df<br \/>\n\u2013 G\u00fcrtelbreite 3,6cm<\/p>","protected":false},"featured_media":7825,"comment_status":"open","ping_status":"closed","template":"","meta":[],"product_brand":[],"product_cat":[123,440,200],"product_tag":[],"class_list":{"0":"post-7800","1":"product","2":"type-product","3":"status-publish","4":"has-post-thumbnail","6":"product_cat-guertel_sub","7":"product_cat-guertel-accessoires-sub","8":"product_cat-westernreiten","9":"product_shipping_class-standard-versand","10":"pa_farbe-braun","11":"pa_groesse_deutsch-s","12":"pa_groesse_deutsch-m","13":"pa_groesse_deutsch-l","14":"pa_groesse_deutsch-xl","15":"pa_hersteller-nocona","16":"pa_material-100-leder","17":"pa_pflege-keine_angabe","19":"first","20":"instock","21":"taxable","22":"shipping-taxable","23":"purchasable","24":"product-type-variable"},"aioseo_notices":[],"_links":{"self":[{"href":"https:\/\/www.lonesomepine.de\/en\/wp-json\/wp\/v2\/product\/7800","targetHints":{"allow":["GET"]}}],"collection":[{"href":"https:\/\/www.lonesomepine.de\/en\/wp-json\/wp\/v2\/product"}],"about":[{"href":"https:\/\/www.lonesomepine.de\/en\/wp-json\/wp\/v2\/types\/product"}],"replies":[{"embeddable":true,"href":"https:\/\/www.lonesomepine.de\/en\/wp-json\/wp\/v2\/comments?post=7800"}],"wp:featuredmedia":[{"embeddable":true,"href":"https:\/\/www.lonesomepine.de\/en\/wp-json\/wp\/v2\/media\/7825"}],"wp:attachment":[{"href":"https:\/\/www.lonesomepine.de\/en\/wp-json\/wp\/v2\/media?parent=7800"}],"wp:term":[{"taxonomy":"product_brand","embeddable":true,"href":"https:\/\/www.lonesomepine.de\/en\/wp-json\/wp\/v2\/product_brand?post=7800"},{"taxonomy":"product_cat","embeddable":true,"href":"https:\/\/www.lonesomepine.de\/en\/wp-json\/wp\/v2\/product_cat?post=7800"},{"taxonomy":"product_tag","embeddable":true,"href":"https:\/\/www.lonesomepine.de\/en\/wp-json\/wp\/v2\/product_tag?post=7800"}],"curies":[{"name":"wp","href":"https:\/\/api.w.org\/{rel}","templated":true}]}}