{"id":7815,"date":"2020-04-13T20:03:26","date_gmt":"2020-04-13T19:03:26","guid":{"rendered":"https:\/\/lonesomepinewesternshop.apps-1and1.net\/?post_type=product&#038;p=7815"},"modified":"2020-04-13T20:10:44","modified_gmt":"2020-04-13T19:10:44","slug":"guertel-rodeo-10301","status":"publish","type":"product","link":"https:\/\/www.lonesomepine.de\/en\/product\/guertel-rodeo-10301","title":{"rendered":"G\u00fcrtel  Rodeo 10301"},"content":{"rendered":"","protected":false},"excerpt":{"rendered":"<p>G\u00fcrtel f\u00fcr kleine Cowboys<\/p>\n<p>&#8211; Inklusive<br \/>\n&#8211; G\u00fcrtelschnalle mit Rodeomotiv<br \/>\n&#8211; Steppn\u00e4hte<\/p>","protected":false},"featured_media":7818,"comment_status":"open","ping_status":"closed","template":"","meta":[],"product_brand":[],"product_cat":[138],"product_tag":[],"class_list":{"0":"post-7815","1":"product","2":"type-product","3":"status-publish","4":"has-post-thumbnail","6":"product_cat-jungen","7":"product_shipping_class-standard-versand","8":"pa_farbe-schwarz","9":"pa_guertelgroesse_inch-26-inch","10":"pa_guertelgroesse_inch-28-inch","11":"pa_hersteller-nocona","12":"pa_material-rindsleder","13":"pa_pflege-keine_angabe","15":"first","16":"instock","17":"taxable","18":"shipping-taxable","19":"purchasable","20":"product-type-variable"},"aioseo_notices":[],"_links":{"self":[{"href":"https:\/\/www.lonesomepine.de\/en\/wp-json\/wp\/v2\/product\/7815","targetHints":{"allow":["GET"]}}],"collection":[{"href":"https:\/\/www.lonesomepine.de\/en\/wp-json\/wp\/v2\/product"}],"about":[{"href":"https:\/\/www.lonesomepine.de\/en\/wp-json\/wp\/v2\/types\/product"}],"replies":[{"embeddable":true,"href":"https:\/\/www.lonesomepine.de\/en\/wp-json\/wp\/v2\/comments?post=7815"}],"wp:featuredmedia":[{"embeddable":true,"href":"https:\/\/www.lonesomepine.de\/en\/wp-json\/wp\/v2\/media\/7818"}],"wp:attachment":[{"href":"https:\/\/www.lonesomepine.de\/en\/wp-json\/wp\/v2\/media?parent=7815"}],"wp:term":[{"taxonomy":"product_brand","embeddable":true,"href":"https:\/\/www.lonesomepine.de\/en\/wp-json\/wp\/v2\/product_brand?post=7815"},{"taxonomy":"product_cat","embeddable":true,"href":"https:\/\/www.lonesomepine.de\/en\/wp-json\/wp\/v2\/product_cat?post=7815"},{"taxonomy":"product_tag","embeddable":true,"href":"https:\/\/www.lonesomepine.de\/en\/wp-json\/wp\/v2\/product_tag?post=7815"}],"curies":[{"name":"wp","href":"https:\/\/api.w.org\/{rel}","templated":true}]}}