{"id":7827,"date":"2020-04-13T20:37:09","date_gmt":"2020-04-13T19:37:09","guid":{"rendered":"https:\/\/lonesomepinewesternshop.apps-1and1.net\/?post_type=product&#038;p=7827"},"modified":"2022-12-19T20:39:58","modified_gmt":"2022-12-19T19:39:58","slug":"guertel-ariat-10402","status":"publish","type":"product","link":"https:\/\/www.lonesomepine.de\/en\/product\/guertel-ariat-10402","title":{"rendered":"G\u00fcrtel Ariat 10402"},"content":{"rendered":"<p>Size determination<br \/>\nS = 77cm<\/p>\n<p>M = 87cm<\/p>\n<p>L = 97cm<\/p>\n<p>XL= 107cm<\/p>\n<p>The length is measured from the mandrel to the centre hole<\/p>","protected":false},"excerpt":{"rendered":"<p>G\u00fcrtel mit Strass<\/p>\n<p>\u2013 G\u00fcrtel mit Nieten und Conchos<br \/>\n\u2013 Die G\u00fcrtelschnalle l\u00e4\u00dft sich<br \/>\n\u2013 Leicht austauschen durch Druckknopfverschlu\u00df<br \/>\n\u2013 G\u00fcrtelbreite 3,8cm<\/p>","protected":false},"featured_media":7834,"comment_status":"open","ping_status":"closed","template":"","meta":[],"product_brand":[],"product_cat":[123,440],"product_tag":[],"class_list":{"0":"post-7827","1":"product","2":"type-product","3":"status-publish","4":"has-post-thumbnail","6":"product_cat-guertel_sub","7":"product_cat-guertel-accessoires-sub","8":"product_shipping_class-standard-versand","9":"pa_farbe-braun","10":"pa_groesse_deutsch-s","11":"pa_groesse_deutsch-m","12":"pa_groesse_deutsch-l","13":"pa_groesse_deutsch-xl","14":"pa_hersteller-ariat","15":"pa_material-100-leder","16":"pa_pflege-keine_angabe","18":"first","19":"instock","20":"taxable","21":"shipping-taxable","22":"purchasable","23":"product-type-variable"},"aioseo_notices":[],"_links":{"self":[{"href":"https:\/\/www.lonesomepine.de\/en\/wp-json\/wp\/v2\/product\/7827","targetHints":{"allow":["GET"]}}],"collection":[{"href":"https:\/\/www.lonesomepine.de\/en\/wp-json\/wp\/v2\/product"}],"about":[{"href":"https:\/\/www.lonesomepine.de\/en\/wp-json\/wp\/v2\/types\/product"}],"replies":[{"embeddable":true,"href":"https:\/\/www.lonesomepine.de\/en\/wp-json\/wp\/v2\/comments?post=7827"}],"wp:featuredmedia":[{"embeddable":true,"href":"https:\/\/www.lonesomepine.de\/en\/wp-json\/wp\/v2\/media\/7834"}],"wp:attachment":[{"href":"https:\/\/www.lonesomepine.de\/en\/wp-json\/wp\/v2\/media?parent=7827"}],"wp:term":[{"taxonomy":"product_brand","embeddable":true,"href":"https:\/\/www.lonesomepine.de\/en\/wp-json\/wp\/v2\/product_brand?post=7827"},{"taxonomy":"product_cat","embeddable":true,"href":"https:\/\/www.lonesomepine.de\/en\/wp-json\/wp\/v2\/product_cat?post=7827"},{"taxonomy":"product_tag","embeddable":true,"href":"https:\/\/www.lonesomepine.de\/en\/wp-json\/wp\/v2\/product_tag?post=7827"}],"curies":[{"name":"wp","href":"https:\/\/api.w.org\/{rel}","templated":true}]}}