{"id":7945,"date":"2020-04-29T21:19:58","date_gmt":"2020-04-29T20:19:58","guid":{"rendered":"https:\/\/lonesomepinewesternshop.apps-1and1.net\/?post_type=product&#038;p=7945"},"modified":"2025-05-18T15:31:48","modified_gmt":"2025-05-18T14:31:48","slug":"bluse-toreon","status":"publish","type":"product","link":"https:\/\/www.lonesomepine.de\/en\/product\/bluse-toreon","title":{"rendered":"Bluse Torreon"},"content":{"rendered":"","protected":false},"excerpt":{"rendered":"<p>Westernbluse<\/p>\n<p>&#8211; Bluse f\u00e4llt den Gr\u00f6\u00dfen entsprechend aus<br \/>\n&#8211; In schwarz mit Stickmotiv im Schulter und R\u00fcckenbereich<br \/>\n&#8211; Perlmutt-Druckkn\u00f6pfe und zwei Smile Brusttaschen<br \/>\n&#8211; Bluse im typischen Western Style<\/p>","protected":false},"featured_media":7953,"comment_status":"open","ping_status":"closed","template":"","meta":[],"product_brand":[],"product_cat":[94],"product_tag":[623],"class_list":{"0":"post-7945","1":"product","2":"type-product","3":"status-publish","4":"has-post-thumbnail","6":"product_cat-langarm","7":"product_tag-bluse","8":"product_shipping_class-standard-versand","9":"pa_farbe-schwarz","10":"pa_groesse_deutsch-1x-46","11":"pa_groesse_deutsch-3x-50","12":"pa_groesse_deutsch-xs","13":"pa_groesse_deutsch-s","14":"pa_groesse_deutsch-m","15":"pa_groesse_deutsch-l","16":"pa_groesse_deutsch-xl","17":"pa_hersteller-roper","18":"pa_material-65polyester-35viscose","19":"pa_pflege-30-grad-feinwaesche","21":"first","22":"instock","23":"taxable","24":"shipping-taxable","25":"purchasable","26":"product-type-variable"},"aioseo_notices":[],"_links":{"self":[{"href":"https:\/\/www.lonesomepine.de\/en\/wp-json\/wp\/v2\/product\/7945","targetHints":{"allow":["GET"]}}],"collection":[{"href":"https:\/\/www.lonesomepine.de\/en\/wp-json\/wp\/v2\/product"}],"about":[{"href":"https:\/\/www.lonesomepine.de\/en\/wp-json\/wp\/v2\/types\/product"}],"replies":[{"embeddable":true,"href":"https:\/\/www.lonesomepine.de\/en\/wp-json\/wp\/v2\/comments?post=7945"}],"wp:featuredmedia":[{"embeddable":true,"href":"https:\/\/www.lonesomepine.de\/en\/wp-json\/wp\/v2\/media\/7953"}],"wp:attachment":[{"href":"https:\/\/www.lonesomepine.de\/en\/wp-json\/wp\/v2\/media?parent=7945"}],"wp:term":[{"taxonomy":"product_brand","embeddable":true,"href":"https:\/\/www.lonesomepine.de\/en\/wp-json\/wp\/v2\/product_brand?post=7945"},{"taxonomy":"product_cat","embeddable":true,"href":"https:\/\/www.lonesomepine.de\/en\/wp-json\/wp\/v2\/product_cat?post=7945"},{"taxonomy":"product_tag","embeddable":true,"href":"https:\/\/www.lonesomepine.de\/en\/wp-json\/wp\/v2\/product_tag?post=7945"}],"curies":[{"name":"wp","href":"https:\/\/api.w.org\/{rel}","templated":true}]}}