{"id":8025,"date":"2020-05-01T19:08:59","date_gmt":"2020-05-01T18:08:59","guid":{"rendered":"https:\/\/lonesomepinewesternshop.apps-1and1.net\/?post_type=product&#038;p=8025"},"modified":"2024-03-17T17:07:34","modified_gmt":"2024-03-17T16:07:34","slug":"twisted-x-womens-work-boot","status":"publish","type":"product","link":"https:\/\/www.lonesomepine.de\/en\/product\/twisted-x-womens-work-boot","title":{"rendered":"Twisted X Women&#8217;s Work Boot"},"content":{"rendered":"<p>Der Women\u00b4s Work Boot von Twisted X ist ein schlichter\u00a0 Arbeitsstiefel<br \/>\n&#8211; Perfekt f\u00fcr die t\u00e4gliche Arbeit im Stall und zum Reiten geeignet<br \/>\n&#8211; Auch im Winter und bei Schnee gibt dieser Damenstiefel<br \/>\n&#8211; Dank seiner 2cm abriebfesten Profilsohle Halt<br \/>\n&#8211; Rahmengen\u00e4ht und handgefertigt<br \/>\n&#8211; Bestehend aus einer \u00d6l-und S\u00e4ure best\u00e4ndigen profilierten Laufsohle<br \/>\n&#8211; Und einer d\u00e4mpfenden Mittelsohle aus Leder<\/p>","protected":false},"excerpt":{"rendered":"<p>Damen Reit und Arbeitsstiefel<\/p>\n<p>&#8211; Innenfutter: atmungsaktives Synthetik-Material<br \/>\n&#8211; Fu\u00dffarbe: dunkelbraun<br \/>\n&#8211; Schaftfarbe: dunkelbraun<br \/>\n&#8211; Fu\u00dfweite: B (normale Breite)<br \/>\n&#8211; Absatz: ca. 2,5 cm gerader Absatz<\/p>","protected":false},"featured_media":8035,"comment_status":"open","ping_status":"closed","template":"","meta":[],"product_brand":[],"product_cat":[126],"product_tag":[627],"class_list":{"0":"post-8025","1":"product","2":"type-product","3":"status-publish","4":"has-post-thumbnail","6":"product_cat-stiefel","7":"product_tag-reit-stiefel","8":"product_shipping_class-standard-versand","9":"pa_farbe-braun","10":"pa_hersteller-twisted-x","11":"pa_material-rindsleder","12":"pa_pflege-keine_angabe","13":"pa_schuhgroesse-320","14":"pa_schuhgroesse-625","15":"pa_schuhgroesse-322","16":"pa_schuhgroesse-323","17":"pa_schuhgroesse-324","18":"pa_schuhgroesse-626","19":"pa_schuhgroesse-325","20":"pa_schuhgroesse-326","22":"first","23":"instock","24":"taxable","25":"shipping-taxable","26":"purchasable","27":"product-type-variable"},"aioseo_notices":[],"_links":{"self":[{"href":"https:\/\/www.lonesomepine.de\/en\/wp-json\/wp\/v2\/product\/8025","targetHints":{"allow":["GET"]}}],"collection":[{"href":"https:\/\/www.lonesomepine.de\/en\/wp-json\/wp\/v2\/product"}],"about":[{"href":"https:\/\/www.lonesomepine.de\/en\/wp-json\/wp\/v2\/types\/product"}],"replies":[{"embeddable":true,"href":"https:\/\/www.lonesomepine.de\/en\/wp-json\/wp\/v2\/comments?post=8025"}],"wp:featuredmedia":[{"embeddable":true,"href":"https:\/\/www.lonesomepine.de\/en\/wp-json\/wp\/v2\/media\/8035"}],"wp:attachment":[{"href":"https:\/\/www.lonesomepine.de\/en\/wp-json\/wp\/v2\/media?parent=8025"}],"wp:term":[{"taxonomy":"product_brand","embeddable":true,"href":"https:\/\/www.lonesomepine.de\/en\/wp-json\/wp\/v2\/product_brand?post=8025"},{"taxonomy":"product_cat","embeddable":true,"href":"https:\/\/www.lonesomepine.de\/en\/wp-json\/wp\/v2\/product_cat?post=8025"},{"taxonomy":"product_tag","embeddable":true,"href":"https:\/\/www.lonesomepine.de\/en\/wp-json\/wp\/v2\/product_tag?post=8025"}],"curies":[{"name":"wp","href":"https:\/\/api.w.org\/{rel}","templated":true}]}}