{"id":8235,"date":"2020-06-05T16:03:29","date_gmt":"2020-06-05T15:03:29","guid":{"rendered":"https:\/\/lonesomepinewesternshop.apps-1and1.net\/?post_type=product&#038;p=8235"},"modified":"2026-03-16T19:16:00","modified_gmt":"2026-03-16T18:16:00","slug":"twisted-x-men-work-boot","status":"publish","type":"product","link":"https:\/\/www.lonesomepine.de\/en\/product\/twisted-x-men-work-boot","title":{"rendered":"Twisted X Men Work Boot"},"content":{"rendered":"<p>-Alle Innenn\u00e4hte sind mit einem Lining bedeckt, damit sie nicht am Bein reiben<br \/>\n-Der Stiefel ist f\u00fcr die t\u00e4gliche Arbeit mit dem Pferd genauso gut geeignet<br \/>\n-Wie f\u00fcr\u00a0 Freizeit und Wanderreiten<br \/>\n-100% Rindsleder<br \/>\n-Innenfutter: atmungsaktives synthetisches Innenfutter<br \/>\n-Schaftfarbe: dunkelbraun<br \/>\n-Fu\u00dffarbe: dunkelbraun<br \/>\n-Schafth\u00f6he: 12&#8243; (30cm)<br \/>\n-Fu\u00dfweite: D (normale Breite)<br \/>\n-Absatz: 3,5 cm gerader Absatz<br \/>\n-Fu\u00dfform: runde Front<\/p>","protected":false},"excerpt":{"rendered":"<p>Reitstiefel \/ Work Boot<\/p>\n<p>&#8211; Wie alle Twisted X Stiefel ist auch dieser ein handgefertigter<br \/>\n&#8211; Rahmengen\u00e4hter Western Boot<br \/>\n&#8211; Der mehrlagige Sohlenaufbau, besteht aus<br \/>\n&#8211; \u00d6l und S\u00e4ure best\u00e4ndigen Laufsohle, der Mittelsohle aus d\u00e4mpferdem Leder<br \/>\n&#8211; Der patentierten Innensohle mit eingelegtem Stabilisator<br \/>\n&#8211; Dem antibakteriellen, anatomischen, waschbaren Fu\u00dfbett<\/p>","protected":false},"featured_media":8247,"comment_status":"open","ping_status":"closed","template":"","meta":[],"product_brand":[],"product_cat":[148,200],"product_tag":[],"class_list":{"0":"post-8235","1":"product","2":"type-product","3":"status-publish","4":"has-post-thumbnail","6":"product_cat-stiefel_herren","7":"product_cat-westernreiten","8":"product_shipping_class-standard-versand","9":"pa_farbe-braun","10":"pa_hersteller-twisted-x","11":"pa_material-100-leder","12":"pa_pflege-keine_angabe","13":"pa_schuhgroesse-326","14":"pa_schuhgroesse-327","15":"pa_schuhgroesse-328","16":"pa_schuhgroesse-329","17":"pa_schuhgroesse-330","18":"pa_schuhgroesse-632","20":"first","21":"instock","22":"taxable","23":"shipping-taxable","24":"purchasable","25":"product-type-variable"},"aioseo_notices":[],"_links":{"self":[{"href":"https:\/\/www.lonesomepine.de\/en\/wp-json\/wp\/v2\/product\/8235","targetHints":{"allow":["GET"]}}],"collection":[{"href":"https:\/\/www.lonesomepine.de\/en\/wp-json\/wp\/v2\/product"}],"about":[{"href":"https:\/\/www.lonesomepine.de\/en\/wp-json\/wp\/v2\/types\/product"}],"replies":[{"embeddable":true,"href":"https:\/\/www.lonesomepine.de\/en\/wp-json\/wp\/v2\/comments?post=8235"}],"wp:featuredmedia":[{"embeddable":true,"href":"https:\/\/www.lonesomepine.de\/en\/wp-json\/wp\/v2\/media\/8247"}],"wp:attachment":[{"href":"https:\/\/www.lonesomepine.de\/en\/wp-json\/wp\/v2\/media?parent=8235"}],"wp:term":[{"taxonomy":"product_brand","embeddable":true,"href":"https:\/\/www.lonesomepine.de\/en\/wp-json\/wp\/v2\/product_brand?post=8235"},{"taxonomy":"product_cat","embeddable":true,"href":"https:\/\/www.lonesomepine.de\/en\/wp-json\/wp\/v2\/product_cat?post=8235"},{"taxonomy":"product_tag","embeddable":true,"href":"https:\/\/www.lonesomepine.de\/en\/wp-json\/wp\/v2\/product_tag?post=8235"}],"curies":[{"name":"wp","href":"https:\/\/api.w.org\/{rel}","templated":true}]}}