{"id":8250,"date":"2020-06-05T16:39:55","date_gmt":"2020-06-05T15:39:55","guid":{"rendered":"https:\/\/lonesomepinewesternshop.apps-1and1.net\/?post_type=product&#038;p=8250"},"modified":"2024-11-29T14:59:42","modified_gmt":"2024-11-29T13:59:42","slug":"cowboy-stiefel-twisted-x-horseman","status":"publish","type":"product","link":"https:\/\/www.lonesomepine.de\/en\/product\/cowboy-stiefel-twisted-x-horseman","title":{"rendered":"Cowboy Stiefel Twisted X Horseman"},"content":{"rendered":"<p>-Alle Innenn\u00e4hte sind mit einem Lining bedeckt, damit sie nicht am Bein reiben k\u00f6nnen<br \/>\n-Der Stiefel ist f\u00fcr die t\u00e4gliche Arbeit mit dem Pferd genauso geeignet<br \/>\n-Wie f\u00fcr Freizeit und Wanderreiten<br \/>\n-Material: 100% Rindsleder<br \/>\n-Innenfutter:\u00a0 Leder<br \/>\n-Schaftfarbe: braun mit Stick<br \/>\n-Fu\u00dffarbe: Braun<br \/>\n-Schafth\u00f6he: 11&#8243; (27,5cm)<br \/>\n-Fu\u00dfweite: D (normale Breite)<br \/>\n-Absatz: 3,5 cm gerader Absatz<br \/>\n-Sohle: Crepesohle<br \/>\n-Fu\u00dfform: runde Front<\/p>","protected":false},"excerpt":{"rendered":"<p>Western\u00a0 Boot<\/p>\n<p>&#8211; Twisted X Stiefel ist ein handgefertigter<br \/>\n&#8211; Rahmengen\u00e4hter Western Boot<br \/>\n&#8211; Mehrlagiger Sohlenaufbau<br \/>\n&#8211; Der \u00d6l und S\u00e4ure best\u00e4ndigen Laufsohle, der Mittelsohle aus d\u00e4mpferdem Leder<br \/>\n&#8211; Der patentierten Innensohle mit eingelegtem Stabilisator<br \/>\n&#8211; Dem antibakteriellen, anatomischen, waschbaren Fu\u00dfbett<br \/>\n&#8211; Macht den Twisted X Stiefel zum absolut bequemen Westernstiefel<\/p>","protected":false},"featured_media":8257,"comment_status":"open","ping_status":"closed","template":"","meta":[],"product_brand":[],"product_cat":[148,200],"product_tag":[634],"class_list":{"0":"post-8250","1":"product","2":"type-product","3":"status-publish","4":"has-post-thumbnail","6":"product_cat-stiefel_herren","7":"product_cat-westernreiten","8":"product_tag-twisted-x-cowboy-boots","9":"product_shipping_class-standard-versand","10":"pa_farbe-braun","11":"pa_hersteller-twisted-x","12":"pa_material-100-leder","13":"pa_pflege-keine_angabe","14":"pa_schuhgroesse-324","15":"pa_schuhgroesse-325","16":"pa_schuhgroesse-326","17":"pa_schuhgroesse-327","18":"pa_schuhgroesse-328","19":"pa_schuhgroesse-329","20":"pa_schuhgroesse-330","21":"pa_schuhgroesse-632","23":"first","24":"instock","25":"taxable","26":"shipping-taxable","27":"purchasable","28":"product-type-variable"},"aioseo_notices":[],"_links":{"self":[{"href":"https:\/\/www.lonesomepine.de\/en\/wp-json\/wp\/v2\/product\/8250","targetHints":{"allow":["GET"]}}],"collection":[{"href":"https:\/\/www.lonesomepine.de\/en\/wp-json\/wp\/v2\/product"}],"about":[{"href":"https:\/\/www.lonesomepine.de\/en\/wp-json\/wp\/v2\/types\/product"}],"replies":[{"embeddable":true,"href":"https:\/\/www.lonesomepine.de\/en\/wp-json\/wp\/v2\/comments?post=8250"}],"wp:featuredmedia":[{"embeddable":true,"href":"https:\/\/www.lonesomepine.de\/en\/wp-json\/wp\/v2\/media\/8257"}],"wp:attachment":[{"href":"https:\/\/www.lonesomepine.de\/en\/wp-json\/wp\/v2\/media?parent=8250"}],"wp:term":[{"taxonomy":"product_brand","embeddable":true,"href":"https:\/\/www.lonesomepine.de\/en\/wp-json\/wp\/v2\/product_brand?post=8250"},{"taxonomy":"product_cat","embeddable":true,"href":"https:\/\/www.lonesomepine.de\/en\/wp-json\/wp\/v2\/product_cat?post=8250"},{"taxonomy":"product_tag","embeddable":true,"href":"https:\/\/www.lonesomepine.de\/en\/wp-json\/wp\/v2\/product_tag?post=8250"}],"curies":[{"name":"wp","href":"https:\/\/api.w.org\/{rel}","templated":true}]}}