{"id":8573,"date":"2020-07-08T16:46:58","date_gmt":"2020-07-08T15:46:58","guid":{"rendered":"https:\/\/lonesomepinewesternshop.apps-1and1.net\/?post_type=product&#038;p=8573"},"modified":"2020-07-08T16:59:07","modified_gmt":"2020-07-08T15:59:07","slug":"schluesselanhaenger-2305999","status":"publish","type":"product","link":"https:\/\/www.lonesomepine.de\/en\/product\/schluesselanhaenger-2305999","title":{"rendered":"Schl\u00fcsselanh\u00e4nger  2305999 C"},"content":{"rendered":"","protected":false},"excerpt":{"rendered":"<p>Anh\u00e4nger aus Pferdehaar<\/p>\n<p>-Dekorativ geflochten <\/p>","protected":false},"featured_media":8574,"comment_status":"open","ping_status":"closed","template":"","meta":[],"product_brand":[],"product_cat":[181],"product_tag":[641],"class_list":{"0":"post-8573","1":"product","2":"type-product","3":"status-publish","4":"has-post-thumbnail","6":"product_cat-schmuckuhren","7":"product_tag-schluesselanhaenger","8":"pa_farbe-creme","9":"pa_farbe-schwarz","10":"pa_hersteller-nocona","11":"pa_material-pferdehaar","12":"pa_pflege-keine_angabe","14":"first","15":"instock","16":"taxable","17":"shipping-taxable","18":"purchasable","19":"product-type-simple"},"aioseo_notices":[],"_links":{"self":[{"href":"https:\/\/www.lonesomepine.de\/en\/wp-json\/wp\/v2\/product\/8573","targetHints":{"allow":["GET"]}}],"collection":[{"href":"https:\/\/www.lonesomepine.de\/en\/wp-json\/wp\/v2\/product"}],"about":[{"href":"https:\/\/www.lonesomepine.de\/en\/wp-json\/wp\/v2\/types\/product"}],"replies":[{"embeddable":true,"href":"https:\/\/www.lonesomepine.de\/en\/wp-json\/wp\/v2\/comments?post=8573"}],"wp:featuredmedia":[{"embeddable":true,"href":"https:\/\/www.lonesomepine.de\/en\/wp-json\/wp\/v2\/media\/8574"}],"wp:attachment":[{"href":"https:\/\/www.lonesomepine.de\/en\/wp-json\/wp\/v2\/media?parent=8573"}],"wp:term":[{"taxonomy":"product_brand","embeddable":true,"href":"https:\/\/www.lonesomepine.de\/en\/wp-json\/wp\/v2\/product_brand?post=8573"},{"taxonomy":"product_cat","embeddable":true,"href":"https:\/\/www.lonesomepine.de\/en\/wp-json\/wp\/v2\/product_cat?post=8573"},{"taxonomy":"product_tag","embeddable":true,"href":"https:\/\/www.lonesomepine.de\/en\/wp-json\/wp\/v2\/product_tag?post=8573"}],"curies":[{"name":"wp","href":"https:\/\/api.w.org\/{rel}","templated":true}]}}