{"id":8581,"date":"2020-07-08T17:07:41","date_gmt":"2020-07-08T16:07:41","guid":{"rendered":"https:\/\/lonesomepinewesternshop.apps-1and1.net\/?post_type=product&#038;p=8581"},"modified":"2024-12-05T11:00:53","modified_gmt":"2024-12-05T10:00:53","slug":"schluesselanhaenger-2351099-be","status":"publish","type":"product","link":"https:\/\/www.lonesomepine.de\/en\/product\/schluesselanhaenger-2351099-be","title":{"rendered":"Schl\u00fcsselanh\u00e4nger  2351099 BE"},"content":{"rendered":"","protected":false},"excerpt":{"rendered":"<p>Anh\u00e4nger aus Pferdehaar<\/p>\n<p>&#8211; Dekorativ geflochten<br \/>\n&#8211; Mit Perlen<\/p>","protected":false},"featured_media":8582,"comment_status":"open","ping_status":"closed","template":"","meta":[],"product_brand":[],"product_cat":[181],"product_tag":[641],"class_list":{"0":"post-8581","1":"product","2":"type-product","3":"status-publish","4":"has-post-thumbnail","6":"product_cat-schmuckuhren","7":"product_tag-schluesselanhaenger","8":"pa_farbe-beige","9":"pa_farbe-braun","10":"pa_hersteller-nocona","11":"pa_material-pferdehaar","12":"pa_pflege-keine_angabe","14":"first","15":"outofstock","16":"taxable","17":"shipping-taxable","18":"purchasable","19":"product-type-simple"},"aioseo_notices":[],"_links":{"self":[{"href":"https:\/\/www.lonesomepine.de\/en\/wp-json\/wp\/v2\/product\/8581","targetHints":{"allow":["GET"]}}],"collection":[{"href":"https:\/\/www.lonesomepine.de\/en\/wp-json\/wp\/v2\/product"}],"about":[{"href":"https:\/\/www.lonesomepine.de\/en\/wp-json\/wp\/v2\/types\/product"}],"replies":[{"embeddable":true,"href":"https:\/\/www.lonesomepine.de\/en\/wp-json\/wp\/v2\/comments?post=8581"}],"wp:featuredmedia":[{"embeddable":true,"href":"https:\/\/www.lonesomepine.de\/en\/wp-json\/wp\/v2\/media\/8582"}],"wp:attachment":[{"href":"https:\/\/www.lonesomepine.de\/en\/wp-json\/wp\/v2\/media?parent=8581"}],"wp:term":[{"taxonomy":"product_brand","embeddable":true,"href":"https:\/\/www.lonesomepine.de\/en\/wp-json\/wp\/v2\/product_brand?post=8581"},{"taxonomy":"product_cat","embeddable":true,"href":"https:\/\/www.lonesomepine.de\/en\/wp-json\/wp\/v2\/product_cat?post=8581"},{"taxonomy":"product_tag","embeddable":true,"href":"https:\/\/www.lonesomepine.de\/en\/wp-json\/wp\/v2\/product_tag?post=8581"}],"curies":[{"name":"wp","href":"https:\/\/api.w.org\/{rel}","templated":true}]}}