{"id":9147,"date":"2020-09-17T20:04:53","date_gmt":"2020-09-17T19:04:53","guid":{"rendered":"https:\/\/www.lonesomepine.de\/?post_type=product&#038;p=9147"},"modified":"2023-03-04T20:59:17","modified_gmt":"2023-03-04T19:59:17","slug":"kimberly-jacket","status":"publish","type":"product","link":"https:\/\/www.lonesomepine.de\/en\/product\/kimberly-jacket","title":{"rendered":"Kimberly Jacket"},"content":{"rendered":"<p>Das Kimberly Jacket von SCIPPIS<br \/>\n&#8211; Schlitze im seitlichen sowie im hinteren Bereich wunderbar zum Reiten<br \/>\n&#8211; Die beiden Blasebalgtaschen bieten Stauraum f\u00fcr die n\u00f6tige Ausr\u00fcstung<br \/>\n&#8211; Dar\u00fcber hinaus lassen sich die Einschubtaschen mit<br \/>\n&#8211; Rei\u00dfverschluss sicher verschlie\u00dfen.<br \/>\n&#8211; Vielf\u00e4ltige Einsatzm\u00f6glichkeit einer \u00e4u\u00dferst praktikablen Outdoorjacke<\/p>","protected":false},"excerpt":{"rendered":"<p>Regen\u00a0 Jacket in braun<\/p>\n<p>&#8211; Wind und Wasserdicht<br \/>\n&#8211; Super Leicht<br \/>\n&#8211; Futter : 100% Baumwolle<br \/>\n&#8211; Aussenmaterial: 100% Polyester<\/p>","protected":false},"featured_media":9154,"comment_status":"open","ping_status":"closed","template":"","meta":[],"product_brand":[],"product_cat":[111,200],"product_tag":[664,663],"class_list":{"0":"post-9147","1":"product","2":"type-product","3":"status-publish","4":"has-post-thumbnail","6":"product_cat-regenmaentel","7":"product_cat-westernreiten","8":"product_tag-regenjacke","9":"product_tag-scippis-jacke","10":"product_shipping_class-standard-versand","11":"pa_farbe-braun","12":"pa_groesse_deutsch-xs","13":"pa_groesse_deutsch-s","14":"pa_groesse_deutsch-m","15":"pa_groesse_deutsch-l","16":"pa_groesse_deutsch-xl","17":"pa_groesse_deutsch-xxl","18":"pa_hersteller-scippis","19":"pa_material-100_baumwolle","20":"pa_pflege-30-grad-feinwaesche","22":"first","23":"instock","24":"taxable","25":"shipping-taxable","26":"purchasable","27":"product-type-variable"},"aioseo_notices":[],"_links":{"self":[{"href":"https:\/\/www.lonesomepine.de\/en\/wp-json\/wp\/v2\/product\/9147","targetHints":{"allow":["GET"]}}],"collection":[{"href":"https:\/\/www.lonesomepine.de\/en\/wp-json\/wp\/v2\/product"}],"about":[{"href":"https:\/\/www.lonesomepine.de\/en\/wp-json\/wp\/v2\/types\/product"}],"replies":[{"embeddable":true,"href":"https:\/\/www.lonesomepine.de\/en\/wp-json\/wp\/v2\/comments?post=9147"}],"wp:featuredmedia":[{"embeddable":true,"href":"https:\/\/www.lonesomepine.de\/en\/wp-json\/wp\/v2\/media\/9154"}],"wp:attachment":[{"href":"https:\/\/www.lonesomepine.de\/en\/wp-json\/wp\/v2\/media?parent=9147"}],"wp:term":[{"taxonomy":"product_brand","embeddable":true,"href":"https:\/\/www.lonesomepine.de\/en\/wp-json\/wp\/v2\/product_brand?post=9147"},{"taxonomy":"product_cat","embeddable":true,"href":"https:\/\/www.lonesomepine.de\/en\/wp-json\/wp\/v2\/product_cat?post=9147"},{"taxonomy":"product_tag","embeddable":true,"href":"https:\/\/www.lonesomepine.de\/en\/wp-json\/wp\/v2\/product_tag?post=9147"}],"curies":[{"name":"wp","href":"https:\/\/api.w.org\/{rel}","templated":true}]}}