{"id":9567,"date":"2021-01-09T15:44:41","date_gmt":"2021-01-09T14:44:41","guid":{"rendered":"https:\/\/www.lonesomepine.de\/?post_type=product&#038;p=9567"},"modified":"2025-09-11T07:31:29","modified_gmt":"2025-09-11T06:31:29","slug":"teddy-sweat-jacke","status":"publish","type":"product","link":"https:\/\/www.lonesomepine.de\/en\/product\/teddy-sweat-jacke","title":{"rendered":"OSWSA Men\u00b4s Weste"},"content":{"rendered":"<p>Die MENS PADDED VEST &#8220;TRACER&#8221;<\/p>\n<p>&#8211; klassische Herren Weste ist mit einer<br \/>\n&#8211; 300 gr. antibac-micro poly fill, ausgestattet<br \/>\n&#8211; Der Aussen-Stoff besteht aus einem hochwertigem<br \/>\n&#8211; Wasserabweisendem und nahezu knitterfreiem Ultra- Nylon<br \/>\n&#8211; Ein sch\u00f6ner klassischer Basic-Artikel f\u00fcr das ganze Jahr<\/p>","protected":false},"excerpt":{"rendered":"<p>OSWSA Mens Weste Tracer<\/p>\n<p>&#8211; praktische warme Weste<br \/>\n&#8211; Ideal f\u00fcr draussen und Stall<br \/>\n&#8211; f\u00e4llt gr\u00f6\u00dfer aus<\/p>","protected":false},"featured_media":9687,"comment_status":"open","ping_status":"closed","template":"","meta":[],"product_brand":[],"product_cat":[160,167,583],"product_tag":[682,594],"class_list":{"0":"post-9567","1":"product","2":"type-product","3":"status-publish","4":"has-post-thumbnail","6":"product_cat-jacken_westen_herren","7":"product_cat-westen_herren","8":"product_cat-os_westernsportsapprel","9":"product_tag-herren-weste","10":"product_tag-oswsa-weste","11":"product_shipping_class-standard-versand","12":"pa_farbe-hellbraun","13":"pa_groesse_deutsch-l","14":"pa_groesse_deutsch-xl","15":"pa_groesse_deutsch-xxl","16":"pa_hersteller-oswsa","17":"pa_material-100-nylon","18":"pa_pflege-30-grad-feinwaesche-auf-links-kein-trockner","20":"first","21":"instock","22":"taxable","23":"shipping-taxable","24":"purchasable","25":"product-type-variable"},"aioseo_notices":[],"_links":{"self":[{"href":"https:\/\/www.lonesomepine.de\/en\/wp-json\/wp\/v2\/product\/9567","targetHints":{"allow":["GET"]}}],"collection":[{"href":"https:\/\/www.lonesomepine.de\/en\/wp-json\/wp\/v2\/product"}],"about":[{"href":"https:\/\/www.lonesomepine.de\/en\/wp-json\/wp\/v2\/types\/product"}],"replies":[{"embeddable":true,"href":"https:\/\/www.lonesomepine.de\/en\/wp-json\/wp\/v2\/comments?post=9567"}],"wp:featuredmedia":[{"embeddable":true,"href":"https:\/\/www.lonesomepine.de\/en\/wp-json\/wp\/v2\/media\/9687"}],"wp:attachment":[{"href":"https:\/\/www.lonesomepine.de\/en\/wp-json\/wp\/v2\/media?parent=9567"}],"wp:term":[{"taxonomy":"product_brand","embeddable":true,"href":"https:\/\/www.lonesomepine.de\/en\/wp-json\/wp\/v2\/product_brand?post=9567"},{"taxonomy":"product_cat","embeddable":true,"href":"https:\/\/www.lonesomepine.de\/en\/wp-json\/wp\/v2\/product_cat?post=9567"},{"taxonomy":"product_tag","embeddable":true,"href":"https:\/\/www.lonesomepine.de\/en\/wp-json\/wp\/v2\/product_tag?post=9567"}],"curies":[{"name":"wp","href":"https:\/\/api.w.org\/{rel}","templated":true}]}}