{"id":9789,"date":"2021-01-30T21:19:28","date_gmt":"2021-01-30T20:19:28","guid":{"rendered":"https:\/\/www.lonesomepine.de\/?post_type=product&#038;p=9789"},"modified":"2025-09-08T10:30:43","modified_gmt":"2025-09-08T09:30:43","slug":"oswsa-weste-polly","status":"publish","type":"product","link":"https:\/\/www.lonesomepine.de\/en\/product\/oswsa-weste-polly","title":{"rendered":"Ranch Girl Vest LAUREN mud"},"content":{"rendered":"","protected":false},"excerpt":{"rendered":"<p>Weste LAUREN mud<\/p>\n<p>&#8211; Ohne Kaputze<br \/>\n&#8211; Eine hoch leistungsf\u00e4hige Weste gegen K\u00e4lte, Wind und N\u00e4sse<br \/>\n&#8211; 300g Polar fleece und Microfill Poly-Futter<br \/>\n&#8211; Mit hochwertigem Memorienylon (antiknitter)<br \/>\n&#8211; Zwei Aussentaschen mit stabilen Rei\u00dfverschl\u00fcssen<\/p>","protected":false},"featured_media":12344,"comment_status":"open","ping_status":"closed","template":"","meta":[],"product_brand":[],"product_cat":[110,583],"product_tag":[594],"class_list":{"0":"post-9789","1":"product","2":"type-product","3":"status-publish","4":"has-post-thumbnail","6":"product_cat-oswsa_ranchgirls","7":"product_cat-os_westernsportsapprel","8":"product_tag-oswsa-weste","9":"product_shipping_class-standard-versand","10":"pa_farbe-beige","11":"pa_groesse_deutsch-l-40","12":"pa_hersteller-oswsa","13":"pa_material-100-nylon","14":"pa_pflege-auf-links-waschen-kein-weichspueler-kein-trockner","16":"first","17":"instock","18":"taxable","19":"shipping-taxable","20":"purchasable","21":"product-type-variable"},"aioseo_notices":[],"_links":{"self":[{"href":"https:\/\/www.lonesomepine.de\/en\/wp-json\/wp\/v2\/product\/9789","targetHints":{"allow":["GET"]}}],"collection":[{"href":"https:\/\/www.lonesomepine.de\/en\/wp-json\/wp\/v2\/product"}],"about":[{"href":"https:\/\/www.lonesomepine.de\/en\/wp-json\/wp\/v2\/types\/product"}],"replies":[{"embeddable":true,"href":"https:\/\/www.lonesomepine.de\/en\/wp-json\/wp\/v2\/comments?post=9789"}],"wp:featuredmedia":[{"embeddable":true,"href":"https:\/\/www.lonesomepine.de\/en\/wp-json\/wp\/v2\/media\/12344"}],"wp:attachment":[{"href":"https:\/\/www.lonesomepine.de\/en\/wp-json\/wp\/v2\/media?parent=9789"}],"wp:term":[{"taxonomy":"product_brand","embeddable":true,"href":"https:\/\/www.lonesomepine.de\/en\/wp-json\/wp\/v2\/product_brand?post=9789"},{"taxonomy":"product_cat","embeddable":true,"href":"https:\/\/www.lonesomepine.de\/en\/wp-json\/wp\/v2\/product_cat?post=9789"},{"taxonomy":"product_tag","embeddable":true,"href":"https:\/\/www.lonesomepine.de\/en\/wp-json\/wp\/v2\/product_tag?post=9789"}],"curies":[{"name":"wp","href":"https:\/\/api.w.org\/{rel}","templated":true}]}}